{"id":2926,"date":"2021-09-22T10:35:49","date_gmt":"2021-09-22T08:35:49","guid":{"rendered":"https:\/\/www.brockhaus-technologies.com\/?page_id=2926"},"modified":"2025-11-19T14:00:23","modified_gmt":"2025-11-19T13:00:23","slug":"martin-bestmann","status":"publish","type":"page","link":"https:\/\/www.brockhaus-technologies.com\/de\/martin-bestmann\/","title":{"rendered":"Martin Bestmann"},"content":{"rendered":"\t\t<div data-elementor-type=\"wp-page\" data-elementor-id=\"2926\" class=\"elementor elementor-2926\" data-elementor-post-type=\"page\">\n\t\t\t\t\t\t<section class=\"elementor-section elementor-top-section elementor-element elementor-element-1b195aab elementor-section-boxed elementor-section-height-default elementor-section-height-default\" data-id=\"1b195aab\" data-element_type=\"section\" data-e-type=\"section\" data-settings=\"{&quot;jet_parallax_layout_list&quot;:[]}\">\n\t\t\t\t\t\t<div class=\"elementor-container elementor-column-gap-default\">\n\t\t\t\t\t<div class=\"elementor-column elementor-col-50 elementor-top-column elementor-element elementor-element-336213ad\" data-id=\"336213ad\" data-element_type=\"column\" data-e-type=\"column\">\n\t\t\t<div class=\"elementor-widget-wrap elementor-element-populated\">\n\t\t\t\t\t\t<div class=\"elementor-element elementor-element-383a4102 elementor-widget elementor-widget-image\" data-id=\"383a4102\" data-element_type=\"widget\" data-e-type=\"widget\" data-widget_type=\"image.default\">\n\t\t\t\t<div class=\"elementor-widget-container\">\n\t\t\t\t\t\t\t\t\t\t\t\t\t\t\t<img fetchpriority=\"high\" decoding=\"async\" width=\"768\" height=\"960\" src=\"https:\/\/www.brockhaus-technologies.com\/wp-content\/uploads\/2022\/05\/martin-bestmann-brockhaus-technologies-aufsichtsrat-768x960.jpg\" class=\"attachment-medium_large size-medium_large wp-image-11684\" alt=\"\" srcset=\"https:\/\/www.brockhaus-technologies.com\/wp-content\/uploads\/2022\/05\/martin-bestmann-brockhaus-technologies-aufsichtsrat-768x960.jpg 768w, https:\/\/www.brockhaus-technologies.com\/wp-content\/uploads\/2022\/05\/martin-bestmann-brockhaus-technologies-aufsichtsrat-240x300.jpg 240w, https:\/\/www.brockhaus-technologies.com\/wp-content\/uploads\/2022\/05\/martin-bestmann-brockhaus-technologies-aufsichtsrat-819x1024.jpg 819w, https:\/\/www.brockhaus-technologies.com\/wp-content\/uploads\/2022\/05\/martin-bestmann-brockhaus-technologies-aufsichtsrat.jpg 1000w\" sizes=\"(max-width: 768px) 100vw, 768px\" \/>\t\t\t\t\t\t\t\t\t\t\t\t\t\t\t<\/div>\n\t\t\t\t<\/div>\n\t\t\t\t\t<\/div>\n\t\t<\/div>\n\t\t\t\t<div class=\"elementor-column elementor-col-50 elementor-top-column elementor-element elementor-element-24043e7\" data-id=\"24043e7\" data-element_type=\"column\" data-e-type=\"column\">\n\t\t\t<div class=\"elementor-widget-wrap elementor-element-populated\">\n\t\t\t\t\t\t<div class=\"elementor-element elementor-element-08f3bf1 elementor-widget elementor-widget-heading\" data-id=\"08f3bf1\" data-element_type=\"widget\" data-e-type=\"widget\" data-widget_type=\"heading.default\">\n\t\t\t\t<div class=\"elementor-widget-container\">\n\t\t\t\t\t<h1 class=\"elementor-heading-title elementor-size-default\">Martin Bestmann<\/h1>\t\t\t\t<\/div>\n\t\t\t\t<\/div>\n\t\t\t\t<div class=\"elementor-element elementor-element-d067afb elementor-widget elementor-widget-heading\" data-id=\"d067afb\" data-element_type=\"widget\" data-e-type=\"widget\" data-widget_type=\"heading.default\">\n\t\t\t\t<div class=\"elementor-widget-container\">\n\t\t\t\t\t<h2 class=\"elementor-heading-title elementor-size-default\">Aufsichtsrat<\/h2>\t\t\t\t<\/div>\n\t\t\t\t<\/div>\n\t\t\t\t<div class=\"elementor-element elementor-element-6fdea5e8 e-grid-align-left elementor-shape-rounded elementor-grid-0 elementor-widget elementor-widget-social-icons\" data-id=\"6fdea5e8\" data-element_type=\"widget\" data-e-type=\"widget\" data-widget_type=\"social-icons.default\">\n\t\t\t\t<div class=\"elementor-widget-container\">\n\t\t\t\t\t\t\t<div class=\"elementor-social-icons-wrapper elementor-grid\">\n\t\t\t\t\t\t\t<span class=\"elementor-grid-item\">\n\t\t\t\t\t<a class=\"elementor-icon elementor-social-icon elementor-social-icon-linkedin elementor-repeater-item-59adb33\" href=\"https:\/\/de.linkedin.com\/in\/martinbestmann\" target=\"_blank\">\n\t\t\t\t\t\t<span class=\"elementor-screen-only\">Linkedin<\/span>\n\t\t\t\t\t\t<i aria-hidden=\"true\" class=\"fab fa-linkedin\"><\/i>\t\t\t\t\t<\/a>\n\t\t\t\t<\/span>\n\t\t\t\t\t<\/div>\n\t\t\t\t\t\t<\/div>\n\t\t\t\t<\/div>\n\t\t\t\t<div class=\"elementor-element elementor-element-7934678e elementor-widget elementor-widget-heading\" data-id=\"7934678e\" data-element_type=\"widget\" data-e-type=\"widget\" data-widget_type=\"heading.default\">\n\t\t\t\t<div class=\"elementor-widget-container\">\n\t\t\t\t\t<h5 class=\"elementor-heading-title elementor-size-default\"><p>Martin Bestmann ist seit Februar 2020 Mitglied des Aufsichtsrates der Brockhaus Technologies AG.<\/p>\n\nEr ist Gr\u00fcnder und Gesch\u00e4ftsf\u00fchrer der in 1998 in Neunkirchen am Brand gegr\u00fcndeten Pole Position Software GmbH und hat in seiner \u00fcber 30 j\u00e4hrigen Karriere als Software Entrepreneur verschiedenste Unternehmer ins Leben gerufen und Produkte erschaffen, die an b\u00f6rsennotierte Unternehmen in den USA bzw. Kanada ver\u00e4u\u00dfert wurden. Seit einigen Jahren ist Martin Bestmann als Berater f\u00fcr das b\u00f6rsennotierte US-Unternehmen Jamf (NASDAQ: JAMF) t\u00e4tig und agiert als Beirat in mehreren Softwareunternehmen.<\/h5>\t\t\t\t<\/div>\n\t\t\t\t<\/div>\n\t\t\t\t<div class=\"elementor-element elementor-element-29eba0d elementor-widget elementor-widget-button\" data-id=\"29eba0d\" data-element_type=\"widget\" data-e-type=\"widget\" data-widget_type=\"button.default\">\n\t\t\t\t<div class=\"elementor-widget-container\">\n\t\t\t\t\t\t\t\t\t<div class=\"elementor-button-wrapper\">\n\t\t\t\t\t<a class=\"elementor-button elementor-button-link elementor-size-sm\" href=\"https:\/\/www.brockhaus-technologies.com\/wp-content\/uploads\/2024\/06\/240531-CV-Martin-Bestmann.pdf\" target=\"_blank\">\n\t\t\t\t\t\t<span class=\"elementor-button-content-wrapper\">\n\t\t\t\t\t\t\t\t\t<span class=\"elementor-button-text\">Lebenslauf und Mitgliedschaften<\/span>\n\t\t\t\t\t<\/span>\n\t\t\t\t\t<\/a>\n\t\t\t\t<\/div>\n\t\t\t\t\t\t\t\t<\/div>\n\t\t\t\t<\/div>\n\t\t\t\t\t<\/div>\n\t\t<\/div>\n\t\t\t\t\t<\/div>\n\t\t<\/section>\n\t\t\t\t<section class=\"elementor-section elementor-top-section elementor-element elementor-element-06e2d1f elementor-section-boxed elementor-section-height-default elementor-section-height-default\" data-id=\"06e2d1f\" data-element_type=\"section\" data-e-type=\"section\" data-settings=\"{&quot;jet_parallax_layout_list&quot;:[{&quot;jet_parallax_layout_image&quot;:{&quot;url&quot;:&quot;&quot;,&quot;id&quot;:&quot;&quot;,&quot;size&quot;:&quot;&quot;},&quot;_id&quot;:&quot;1cc7acb&quot;,&quot;jet_parallax_layout_image_tablet&quot;:{&quot;url&quot;:&quot;&quot;,&quot;id&quot;:&quot;&quot;,&quot;size&quot;:&quot;&quot;},&quot;jet_parallax_layout_image_mobile&quot;:{&quot;url&quot;:&quot;&quot;,&quot;id&quot;:&quot;&quot;,&quot;size&quot;:&quot;&quot;},&quot;jet_parallax_layout_speed&quot;:{&quot;unit&quot;:&quot;%&quot;,&quot;size&quot;:50,&quot;sizes&quot;:[]},&quot;jet_parallax_layout_type&quot;:&quot;scroll&quot;,&quot;jet_parallax_layout_direction&quot;:&quot;1&quot;,&quot;jet_parallax_layout_fx_direction&quot;:null,&quot;jet_parallax_layout_z_index&quot;:&quot;&quot;,&quot;jet_parallax_layout_bg_x&quot;:50,&quot;jet_parallax_layout_bg_x_tablet&quot;:&quot;&quot;,&quot;jet_parallax_layout_bg_x_mobile&quot;:&quot;&quot;,&quot;jet_parallax_layout_bg_y&quot;:50,&quot;jet_parallax_layout_bg_y_tablet&quot;:&quot;&quot;,&quot;jet_parallax_layout_bg_y_mobile&quot;:&quot;&quot;,&quot;jet_parallax_layout_bg_size&quot;:&quot;auto&quot;,&quot;jet_parallax_layout_bg_size_tablet&quot;:&quot;&quot;,&quot;jet_parallax_layout_bg_size_mobile&quot;:&quot;&quot;,&quot;jet_parallax_layout_animation_prop&quot;:&quot;transform&quot;,&quot;jet_parallax_layout_on&quot;:[&quot;desktop&quot;,&quot;tablet&quot;]}]}\" data-aos=\"fade-up\" data-aos-offset=\"200\" data-aos-delay=\"50\" data-aos-duration=\"500\">\n\t\t\t\t\t\t<div class=\"elementor-container elementor-column-gap-default\">\n\t\t\t\t\t<div class=\"elementor-column elementor-col-100 elementor-top-column elementor-element elementor-element-b17d663\" data-id=\"b17d663\" data-element_type=\"column\" data-e-type=\"column\">\n\t\t\t<div class=\"elementor-widget-wrap elementor-element-populated\">\n\t\t\t\t\t\t<div class=\"elementor-element elementor-element-afa30c5 elementor-widget-divider--view-line elementor-widget elementor-widget-divider\" data-id=\"afa30c5\" data-element_type=\"widget\" data-e-type=\"widget\" data-widget_type=\"divider.default\">\n\t\t\t\t<div class=\"elementor-widget-container\">\n\t\t\t\t\t\t\t<div class=\"elementor-divider\">\n\t\t\t<span class=\"elementor-divider-separator\">\n\t\t\t\t\t\t<\/span>\n\t\t<\/div>\n\t\t\t\t\t\t<\/div>\n\t\t\t\t<\/div>\n\t\t\t\t<div class=\"elementor-element elementor-element-e747448 elementor-align-center elementor-widget elementor-widget-button\" data-id=\"e747448\" data-element_type=\"widget\" data-e-type=\"widget\" data-widget_type=\"button.default\">\n\t\t\t\t<div class=\"elementor-widget-container\">\n\t\t\t\t\t\t\t\t\t<div class=\"elementor-button-wrapper\">\n\t\t\t\t\t<a class=\"elementor-button elementor-button-link elementor-size-sm\" href=\"\/de\/ueber-uns\/aufsichtsrat\/\">\n\t\t\t\t\t\t<span class=\"elementor-button-content-wrapper\">\n\t\t\t\t\t\t\t\t\t<span class=\"elementor-button-text\">Zur\u00fcck zur \u00dcbersicht<\/span>\n\t\t\t\t\t<\/span>\n\t\t\t\t\t<\/a>\n\t\t\t\t<\/div>\n\t\t\t\t\t\t\t\t<\/div>\n\t\t\t\t<\/div>\n\t\t\t\t\t<\/div>\n\t\t<\/div>\n\t\t\t\t\t<\/div>\n\t\t<\/section>\n\t\t\t\t<\/div>\n\t\t","protected":false},"excerpt":{"rendered":"<p>Martin Bestmann Aufsichtsrat Linkedin Martin Bestmann ist seit Februar 2020 Mitglied des Aufsichtsrates der Brockhaus Technologies AG. Er ist Gr\u00fcnder und Gesch\u00e4ftsf\u00fchrer der in 1998 in Neunkirchen am Brand gegr\u00fcndeten Pole Position Software GmbH und hat in seiner \u00fcber 30 j\u00e4hrigen Karriere als Software Entrepreneur verschiedenste Unternehmer ins Leben gerufen und Produkte erschaffen, die an [&hellip;]<\/p>\n","protected":false},"author":2,"featured_media":0,"parent":0,"menu_order":0,"comment_status":"closed","ping_status":"closed","template":"full-width.php","meta":{"_acf_changed":false,"_mo_disable_npp":"","footnotes":""},"class_list":["post-2926","page","type-page","status-publish","hentry"],"acf":[],"yoast_head":"<!-- This site is optimized with the Yoast SEO plugin v27.3 - https:\/\/yoast.com\/product\/yoast-seo-wordpress\/ -->\n<title>Martin Bestmann \u2013 Brockhaus Technologies<\/title>\n<meta name=\"description\" content=\"Martin Bestmann ist seit Februar 2020 Mitglied des Aufsichtsrates der Brockhaus Technologies AG.\" \/>\n<meta name=\"robots\" content=\"index, follow, max-snippet:-1, max-image-preview:large, max-video-preview:-1\" \/>\n<link rel=\"canonical\" href=\"https:\/\/www.brockhaus-technologies.com\/de\/martin-bestmann\/\" \/>\n<meta property=\"og:locale\" content=\"de_DE\" \/>\n<meta property=\"og:type\" content=\"article\" \/>\n<meta property=\"og:title\" content=\"Martin Bestmann \u2013 Brockhaus Technologies\" \/>\n<meta property=\"og:description\" content=\"Martin Bestmann ist seit Februar 2020 Mitglied des Aufsichtsrates der Brockhaus Technologies AG.\" \/>\n<meta property=\"og:url\" content=\"https:\/\/www.brockhaus-technologies.com\/de\/martin-bestmann\/\" \/>\n<meta property=\"og:site_name\" content=\"Brockhaus Technologies\" \/>\n<meta property=\"article:modified_time\" content=\"2025-11-19T13:00:23+00:00\" \/>\n<meta property=\"og:image\" content=\"https:\/\/www.brockhaus-technologies.com\/wp-content\/uploads\/2022\/05\/martin-bestmann-brockhaus-technologies-aufsichtsrat.jpg\" \/>\n\t<meta property=\"og:image:width\" content=\"1000\" \/>\n\t<meta property=\"og:image:height\" content=\"1250\" \/>\n\t<meta property=\"og:image:type\" content=\"image\/jpeg\" \/>\n<meta name=\"twitter:card\" content=\"summary_large_image\" \/>\n<meta name=\"twitter:label1\" content=\"Gesch\u00e4tzte Lesezeit\" \/>\n\t<meta name=\"twitter:data1\" content=\"1\u00a0Minute\" \/>\n<script type=\"application\/ld+json\" class=\"yoast-schema-graph\">{\"@context\":\"https:\\\/\\\/schema.org\",\"@graph\":[{\"@type\":\"WebPage\",\"@id\":\"https:\\\/\\\/www.brockhaus-technologies.com\\\/de\\\/martin-bestmann\\\/\",\"url\":\"https:\\\/\\\/www.brockhaus-technologies.com\\\/de\\\/martin-bestmann\\\/\",\"name\":\"Martin Bestmann \u2013 Brockhaus Technologies\",\"isPartOf\":{\"@id\":\"https:\\\/\\\/www.brockhaus-technologies.com\\\/de\\\/#website\"},\"primaryImageOfPage\":{\"@id\":\"https:\\\/\\\/www.brockhaus-technologies.com\\\/de\\\/martin-bestmann\\\/#primaryimage\"},\"image\":{\"@id\":\"https:\\\/\\\/www.brockhaus-technologies.com\\\/de\\\/martin-bestmann\\\/#primaryimage\"},\"thumbnailUrl\":\"https:\\\/\\\/www.brockhaus-technologies.com\\\/wp-content\\\/uploads\\\/2022\\\/05\\\/martin-bestmann-brockhaus-technologies-aufsichtsrat-768x960.jpg\",\"datePublished\":\"2021-09-22T08:35:49+00:00\",\"dateModified\":\"2025-11-19T13:00:23+00:00\",\"description\":\"Martin Bestmann ist seit Februar 2020 Mitglied des Aufsichtsrates der Brockhaus Technologies AG.\",\"breadcrumb\":{\"@id\":\"https:\\\/\\\/www.brockhaus-technologies.com\\\/de\\\/martin-bestmann\\\/#breadcrumb\"},\"inLanguage\":\"de\",\"potentialAction\":[{\"@type\":\"ReadAction\",\"target\":[\"https:\\\/\\\/www.brockhaus-technologies.com\\\/de\\\/martin-bestmann\\\/\"]}]},{\"@type\":\"ImageObject\",\"inLanguage\":\"de\",\"@id\":\"https:\\\/\\\/www.brockhaus-technologies.com\\\/de\\\/martin-bestmann\\\/#primaryimage\",\"url\":\"https:\\\/\\\/www.brockhaus-technologies.com\\\/wp-content\\\/uploads\\\/2022\\\/05\\\/martin-bestmann-brockhaus-technologies-aufsichtsrat-768x960.jpg\",\"contentUrl\":\"https:\\\/\\\/www.brockhaus-technologies.com\\\/wp-content\\\/uploads\\\/2022\\\/05\\\/martin-bestmann-brockhaus-technologies-aufsichtsrat-768x960.jpg\"},{\"@type\":\"BreadcrumbList\",\"@id\":\"https:\\\/\\\/www.brockhaus-technologies.com\\\/de\\\/martin-bestmann\\\/#breadcrumb\",\"itemListElement\":[{\"@type\":\"ListItem\",\"position\":1,\"name\":\"Startseite\",\"item\":\"https:\\\/\\\/www.brockhaus-technologies.com\\\/de\\\/\"},{\"@type\":\"ListItem\",\"position\":2,\"name\":\"Martin Bestmann\"}]},{\"@type\":\"WebSite\",\"@id\":\"https:\\\/\\\/www.brockhaus-technologies.com\\\/de\\\/#website\",\"url\":\"https:\\\/\\\/www.brockhaus-technologies.com\\\/de\\\/\",\"name\":\"Brockhaus Technologies\",\"description\":\"Wir akquirieren Innovations- und Technologief\u00fchrer aus dem deutschen Mittelstand\",\"potentialAction\":[{\"@type\":\"SearchAction\",\"target\":{\"@type\":\"EntryPoint\",\"urlTemplate\":\"https:\\\/\\\/www.brockhaus-technologies.com\\\/de\\\/?s={search_term_string}\"},\"query-input\":{\"@type\":\"PropertyValueSpecification\",\"valueRequired\":true,\"valueName\":\"search_term_string\"}}],\"inLanguage\":\"de\"}]}<\/script>\n<!-- \/ Yoast SEO plugin. -->","yoast_head_json":{"title":"Martin Bestmann \u2013 Brockhaus Technologies","description":"Martin Bestmann ist seit Februar 2020 Mitglied des Aufsichtsrates der Brockhaus Technologies AG.","robots":{"index":"index","follow":"follow","max-snippet":"max-snippet:-1","max-image-preview":"max-image-preview:large","max-video-preview":"max-video-preview:-1"},"canonical":"https:\/\/www.brockhaus-technologies.com\/de\/martin-bestmann\/","og_locale":"de_DE","og_type":"article","og_title":"Martin Bestmann \u2013 Brockhaus Technologies","og_description":"Martin Bestmann ist seit Februar 2020 Mitglied des Aufsichtsrates der Brockhaus Technologies AG.","og_url":"https:\/\/www.brockhaus-technologies.com\/de\/martin-bestmann\/","og_site_name":"Brockhaus Technologies","article_modified_time":"2025-11-19T13:00:23+00:00","og_image":[{"width":1000,"height":1250,"url":"https:\/\/www.brockhaus-technologies.com\/wp-content\/uploads\/2022\/05\/martin-bestmann-brockhaus-technologies-aufsichtsrat.jpg","type":"image\/jpeg"}],"twitter_card":"summary_large_image","twitter_misc":{"Gesch\u00e4tzte Lesezeit":"1\u00a0Minute"},"schema":{"@context":"https:\/\/schema.org","@graph":[{"@type":"WebPage","@id":"https:\/\/www.brockhaus-technologies.com\/de\/martin-bestmann\/","url":"https:\/\/www.brockhaus-technologies.com\/de\/martin-bestmann\/","name":"Martin Bestmann \u2013 Brockhaus Technologies","isPartOf":{"@id":"https:\/\/www.brockhaus-technologies.com\/de\/#website"},"primaryImageOfPage":{"@id":"https:\/\/www.brockhaus-technologies.com\/de\/martin-bestmann\/#primaryimage"},"image":{"@id":"https:\/\/www.brockhaus-technologies.com\/de\/martin-bestmann\/#primaryimage"},"thumbnailUrl":"https:\/\/www.brockhaus-technologies.com\/wp-content\/uploads\/2022\/05\/martin-bestmann-brockhaus-technologies-aufsichtsrat-768x960.jpg","datePublished":"2021-09-22T08:35:49+00:00","dateModified":"2025-11-19T13:00:23+00:00","description":"Martin Bestmann ist seit Februar 2020 Mitglied des Aufsichtsrates der Brockhaus Technologies AG.","breadcrumb":{"@id":"https:\/\/www.brockhaus-technologies.com\/de\/martin-bestmann\/#breadcrumb"},"inLanguage":"de","potentialAction":[{"@type":"ReadAction","target":["https:\/\/www.brockhaus-technologies.com\/de\/martin-bestmann\/"]}]},{"@type":"ImageObject","inLanguage":"de","@id":"https:\/\/www.brockhaus-technologies.com\/de\/martin-bestmann\/#primaryimage","url":"https:\/\/www.brockhaus-technologies.com\/wp-content\/uploads\/2022\/05\/martin-bestmann-brockhaus-technologies-aufsichtsrat-768x960.jpg","contentUrl":"https:\/\/www.brockhaus-technologies.com\/wp-content\/uploads\/2022\/05\/martin-bestmann-brockhaus-technologies-aufsichtsrat-768x960.jpg"},{"@type":"BreadcrumbList","@id":"https:\/\/www.brockhaus-technologies.com\/de\/martin-bestmann\/#breadcrumb","itemListElement":[{"@type":"ListItem","position":1,"name":"Startseite","item":"https:\/\/www.brockhaus-technologies.com\/de\/"},{"@type":"ListItem","position":2,"name":"Martin Bestmann"}]},{"@type":"WebSite","@id":"https:\/\/www.brockhaus-technologies.com\/de\/#website","url":"https:\/\/www.brockhaus-technologies.com\/de\/","name":"Brockhaus Technologies","description":"Wir akquirieren Innovations- und Technologief\u00fchrer aus dem deutschen Mittelstand","potentialAction":[{"@type":"SearchAction","target":{"@type":"EntryPoint","urlTemplate":"https:\/\/www.brockhaus-technologies.com\/de\/?s={search_term_string}"},"query-input":{"@type":"PropertyValueSpecification","valueRequired":true,"valueName":"search_term_string"}}],"inLanguage":"de"}]}},"_links":{"self":[{"href":"https:\/\/www.brockhaus-technologies.com\/de\/wp-json\/wp\/v2\/pages\/2926","targetHints":{"allow":["GET"]}}],"collection":[{"href":"https:\/\/www.brockhaus-technologies.com\/de\/wp-json\/wp\/v2\/pages"}],"about":[{"href":"https:\/\/www.brockhaus-technologies.com\/de\/wp-json\/wp\/v2\/types\/page"}],"author":[{"embeddable":true,"href":"https:\/\/www.brockhaus-technologies.com\/de\/wp-json\/wp\/v2\/users\/2"}],"replies":[{"embeddable":true,"href":"https:\/\/www.brockhaus-technologies.com\/de\/wp-json\/wp\/v2\/comments?post=2926"}],"version-history":[{"count":5,"href":"https:\/\/www.brockhaus-technologies.com\/de\/wp-json\/wp\/v2\/pages\/2926\/revisions"}],"predecessor-version":[{"id":18920,"href":"https:\/\/www.brockhaus-technologies.com\/de\/wp-json\/wp\/v2\/pages\/2926\/revisions\/18920"}],"wp:attachment":[{"href":"https:\/\/www.brockhaus-technologies.com\/de\/wp-json\/wp\/v2\/media?parent=2926"}],"curies":[{"name":"wp","href":"https:\/\/api.w.org\/{rel}","templated":true}]}}