{"id":2644,"date":"2021-09-21T15:01:20","date_gmt":"2021-09-21T13:01:20","guid":{"rendered":"https:\/\/www.brockhaus-technologies.com\/?page_id=2644"},"modified":"2023-09-28T16:16:41","modified_gmt":"2023-09-28T14:16:41","slug":"dms","status":"publish","type":"page","link":"https:\/\/www.brockhaus-technologies.com\/de\/ueber-uns\/dms\/","title":{"rendered":"DMS"},"content":{"rendered":"\t\t<div data-elementor-type=\"wp-page\" data-elementor-id=\"2644\" class=\"elementor elementor-2644\" data-elementor-post-type=\"page\">\n\t\t\t\t\t\t<section class=\"elementor-section elementor-top-section elementor-element elementor-element-6d1b6d6e elementor-section-height-min-height elementor-section-boxed elementor-section-height-default elementor-section-items-middle\" data-id=\"6d1b6d6e\" data-element_type=\"section\" data-e-type=\"section\" data-settings=\"{&quot;jet_parallax_layout_list&quot;:[{&quot;jet_parallax_layout_image&quot;:{&quot;url&quot;:&quot;&quot;,&quot;id&quot;:&quot;&quot;,&quot;size&quot;:&quot;&quot;},&quot;_id&quot;:&quot;63414a8&quot;,&quot;jet_parallax_layout_image_tablet&quot;:{&quot;url&quot;:&quot;&quot;,&quot;id&quot;:&quot;&quot;,&quot;size&quot;:&quot;&quot;},&quot;jet_parallax_layout_image_mobile&quot;:{&quot;url&quot;:&quot;&quot;,&quot;id&quot;:&quot;&quot;,&quot;size&quot;:&quot;&quot;},&quot;jet_parallax_layout_speed&quot;:{&quot;unit&quot;:&quot;%&quot;,&quot;size&quot;:50,&quot;sizes&quot;:[]},&quot;jet_parallax_layout_type&quot;:&quot;scroll&quot;,&quot;jet_parallax_layout_direction&quot;:&quot;1&quot;,&quot;jet_parallax_layout_fx_direction&quot;:null,&quot;jet_parallax_layout_z_index&quot;:&quot;&quot;,&quot;jet_parallax_layout_bg_x&quot;:50,&quot;jet_parallax_layout_bg_x_tablet&quot;:&quot;&quot;,&quot;jet_parallax_layout_bg_x_mobile&quot;:&quot;&quot;,&quot;jet_parallax_layout_bg_y&quot;:50,&quot;jet_parallax_layout_bg_y_tablet&quot;:&quot;&quot;,&quot;jet_parallax_layout_bg_y_mobile&quot;:&quot;&quot;,&quot;jet_parallax_layout_bg_size&quot;:&quot;auto&quot;,&quot;jet_parallax_layout_bg_size_tablet&quot;:&quot;&quot;,&quot;jet_parallax_layout_bg_size_mobile&quot;:&quot;&quot;,&quot;jet_parallax_layout_animation_prop&quot;:&quot;transform&quot;,&quot;jet_parallax_layout_on&quot;:[&quot;desktop&quot;,&quot;tablet&quot;]}],&quot;background_background&quot;:&quot;classic&quot;}\">\n\t\t\t\t\t\t\t<div class=\"elementor-background-overlay\"><\/div>\n\t\t\t\t\t\t\t<div class=\"elementor-container elementor-column-gap-default\">\n\t\t\t\t\t<div class=\"elementor-column elementor-col-100 elementor-top-column elementor-element elementor-element-3106b4a3\" data-id=\"3106b4a3\" data-element_type=\"column\" data-e-type=\"column\">\n\t\t\t<div class=\"elementor-widget-wrap elementor-element-populated\">\n\t\t\t\t\t\t<div class=\"elementor-element elementor-element-145861ca elementor-widget elementor-widget-image\" data-id=\"145861ca\" data-element_type=\"widget\" data-e-type=\"widget\" data-widget_type=\"image.default\">\n\t\t\t\t<div class=\"elementor-widget-container\">\n\t\t\t\t\t\t\t\t\t\t\t\t\t\t\t<img fetchpriority=\"high\" decoding=\"async\" width=\"554\" height=\"220\" src=\"https:\/\/www.brockhaus-technologies.com\/wp-content\/uploads\/2021\/09\/dms-logo.png\" class=\"attachment-large size-large wp-image-1829\" alt=\"\" srcset=\"https:\/\/www.brockhaus-technologies.com\/wp-content\/uploads\/2021\/09\/dms-logo.png 554w, https:\/\/www.brockhaus-technologies.com\/wp-content\/uploads\/2021\/09\/dms-logo-300x119.png 300w\" sizes=\"(max-width: 554px) 100vw, 554px\" \/>\t\t\t\t\t\t\t\t\t\t\t\t\t\t\t<\/div>\n\t\t\t\t<\/div>\n\t\t\t\t<div class=\"elementor-element elementor-element-657f4bcf elementor-widget elementor-widget-text-editor\" data-id=\"657f4bcf\" data-element_type=\"widget\" data-e-type=\"widget\" data-widget_type=\"text-editor.default\">\n\t\t\t\t<div class=\"elementor-widget-container\">\n\t\t\t\t\t\t\t\t\tMehrheitsbeteiligung &#8211; realisiert 2006\t\t\t\t\t\t\t\t<\/div>\n\t\t\t\t<\/div>\n\t\t\t\t<div class=\"elementor-element elementor-element-e11d56a elementor-align-center elementor-widget elementor-widget-button\" data-id=\"e11d56a\" data-element_type=\"widget\" data-e-type=\"widget\" data-widget_type=\"button.default\">\n\t\t\t\t<div class=\"elementor-widget-container\">\n\t\t\t\t\t\t\t\t\t<div class=\"elementor-button-wrapper\">\n\t\t\t\t\t<a class=\"elementor-button elementor-button-link elementor-size-sm\" href=\"#more\">\n\t\t\t\t\t\t<span class=\"elementor-button-content-wrapper\">\n\t\t\t\t\t\t\t\t\t<span class=\"elementor-button-text\">Mehr erfahren<\/span>\n\t\t\t\t\t<\/span>\n\t\t\t\t\t<\/a>\n\t\t\t\t<\/div>\n\t\t\t\t\t\t\t\t<\/div>\n\t\t\t\t<\/div>\n\t\t\t\t\t<\/div>\n\t\t<\/div>\n\t\t\t\t\t<\/div>\n\t\t<\/section>\n\t\t\t\t<section class=\"elementor-section elementor-top-section elementor-element elementor-element-efdb156 elementor-section-boxed elementor-section-height-default elementor-section-height-default\" data-id=\"efdb156\" data-element_type=\"section\" data-e-type=\"section\" id=\"more\" data-settings=\"{&quot;jet_parallax_layout_list&quot;:[{&quot;jet_parallax_layout_image&quot;:{&quot;url&quot;:&quot;&quot;,&quot;id&quot;:&quot;&quot;,&quot;size&quot;:&quot;&quot;},&quot;_id&quot;:&quot;3f14b13&quot;,&quot;jet_parallax_layout_image_tablet&quot;:{&quot;url&quot;:&quot;&quot;,&quot;id&quot;:&quot;&quot;,&quot;size&quot;:&quot;&quot;},&quot;jet_parallax_layout_image_mobile&quot;:{&quot;url&quot;:&quot;&quot;,&quot;id&quot;:&quot;&quot;,&quot;size&quot;:&quot;&quot;},&quot;jet_parallax_layout_speed&quot;:{&quot;unit&quot;:&quot;%&quot;,&quot;size&quot;:50,&quot;sizes&quot;:[]},&quot;jet_parallax_layout_type&quot;:&quot;scroll&quot;,&quot;jet_parallax_layout_direction&quot;:&quot;1&quot;,&quot;jet_parallax_layout_fx_direction&quot;:null,&quot;jet_parallax_layout_z_index&quot;:&quot;&quot;,&quot;jet_parallax_layout_bg_x&quot;:50,&quot;jet_parallax_layout_bg_x_tablet&quot;:&quot;&quot;,&quot;jet_parallax_layout_bg_x_mobile&quot;:&quot;&quot;,&quot;jet_parallax_layout_bg_y&quot;:50,&quot;jet_parallax_layout_bg_y_tablet&quot;:&quot;&quot;,&quot;jet_parallax_layout_bg_y_mobile&quot;:&quot;&quot;,&quot;jet_parallax_layout_bg_size&quot;:&quot;auto&quot;,&quot;jet_parallax_layout_bg_size_tablet&quot;:&quot;&quot;,&quot;jet_parallax_layout_bg_size_mobile&quot;:&quot;&quot;,&quot;jet_parallax_layout_animation_prop&quot;:&quot;transform&quot;,&quot;jet_parallax_layout_on&quot;:[&quot;desktop&quot;,&quot;tablet&quot;]}]}\" data-aos=\"fade-up\" data-aos-offset=\"200\" data-aos-delay=\"50\" data-aos-duration=\"500\">\n\t\t\t\t\t\t<div class=\"elementor-container elementor-column-gap-default\">\n\t\t\t\t\t<div class=\"elementor-column elementor-col-50 elementor-top-column elementor-element elementor-element-2111d865\" data-id=\"2111d865\" data-element_type=\"column\" data-e-type=\"column\">\n\t\t\t<div class=\"elementor-widget-wrap elementor-element-populated\">\n\t\t\t\t\t\t<div class=\"elementor-element elementor-element-7d61c06 elementor-widget elementor-widget-heading\" data-id=\"7d61c06\" data-element_type=\"widget\" data-e-type=\"widget\" data-widget_type=\"heading.default\">\n\t\t\t\t<div class=\"elementor-widget-container\">\n\t\t\t\t\t<h1 class=\"elementor-heading-title elementor-size-default\">DMS<\/h1>\t\t\t\t<\/div>\n\t\t\t\t<\/div>\n\t\t\t\t<div class=\"elementor-element elementor-element-6abb193d elementor-widget elementor-widget-text-editor\" data-id=\"6abb193d\" data-element_type=\"widget\" data-e-type=\"widget\" data-widget_type=\"text-editor.default\">\n\t\t\t\t<div class=\"elementor-widget-container\">\n\t\t\t\t\t\t\t\t\t<p>DMS produziert und vertreibt Maschinen und Anlagen f\u00fcr die Nassprozesstechnik in der Fertigung von Halbleitern sowie notwendige Verbrauchsmaterialien.<\/p><p>Im Jahr 2003 hatte DMS als familiengef\u00fchrtes Unternehmen die Nachfolge zu l\u00f6sen. \u00dcber das Netzwerk von Brockhaus Private Equity kam der Kontakt zustande und im Juli erwarben wir die DMS im Rahmen eines Buy-Out und begleiteten die Gesellschaft in der Folgezeit bei wichtigen Schritten der Wertentwicklung, wie der extensiven Verbreiterung des Produktportfolios und bei der Gewinnung neuer Kunden in den USA, Taiwan und China.<\/p><p>Im Februar 2006 wurden die Anteile im Rahmen eines Secondary Buy-Out an einen deutschen Finanzinvestor ver\u00e4u\u00dfert. Mittlerweile geh\u00f6rt das Unternehmen zu Brooks, einem Anbieter von Automatisierungsl\u00f6sungen f\u00fcr die Halbleiter- und Life Science-Industrie.<\/p>\t\t\t\t\t\t\t\t<\/div>\n\t\t\t\t<\/div>\n\t\t\t\t<div class=\"elementor-element elementor-element-a89863e elementor-widget elementor-widget-text-editor\" data-id=\"a89863e\" data-element_type=\"widget\" data-e-type=\"widget\" data-widget_type=\"text-editor.default\">\n\t\t\t\t<div class=\"elementor-widget-container\">\n\t\t\t\t\t\t\t\t\t<p><a class=\"\" href=\"http:\/\/www.brooks.com\/\" target=\"_blank\" rel=\"noopener\">www.brooks.com<\/a><\/p>\t\t\t\t\t\t\t\t<\/div>\n\t\t\t\t<\/div>\n\t\t\t\t\t<\/div>\n\t\t<\/div>\n\t\t\t\t<div class=\"elementor-column elementor-col-50 elementor-top-column elementor-element elementor-element-1fea8ee3\" data-id=\"1fea8ee3\" data-element_type=\"column\" data-e-type=\"column\">\n\t\t\t<div class=\"elementor-widget-wrap elementor-element-populated\">\n\t\t\t\t\t\t<div class=\"elementor-element elementor-element-76d6e1f8 elementor-widget elementor-widget-image\" data-id=\"76d6e1f8\" data-element_type=\"widget\" data-e-type=\"widget\" data-widget_type=\"image.default\">\n\t\t\t\t<div class=\"elementor-widget-container\">\n\t\t\t\t\t\t\t\t\t\t\t\t\t\t\t<img decoding=\"async\" width=\"1024\" height=\"382\" src=\"https:\/\/www.brockhaus-technologies.com\/wp-content\/uploads\/2021\/09\/tr_dms-1024x382.jpg\" class=\"attachment-large size-large wp-image-2651\" alt=\"\" srcset=\"https:\/\/www.brockhaus-technologies.com\/wp-content\/uploads\/2021\/09\/tr_dms-1024x382.jpg 1024w, https:\/\/www.brockhaus-technologies.com\/wp-content\/uploads\/2021\/09\/tr_dms-300x112.jpg 300w, https:\/\/www.brockhaus-technologies.com\/wp-content\/uploads\/2021\/09\/tr_dms-768x287.jpg 768w, https:\/\/www.brockhaus-technologies.com\/wp-content\/uploads\/2021\/09\/tr_dms-1536x573.jpg 1536w, https:\/\/www.brockhaus-technologies.com\/wp-content\/uploads\/2021\/09\/tr_dms.jpg 1608w\" sizes=\"(max-width: 1024px) 100vw, 1024px\" \/>\t\t\t\t\t\t\t\t\t\t\t\t\t\t\t<\/div>\n\t\t\t\t<\/div>\n\t\t\t\t\t<\/div>\n\t\t<\/div>\n\t\t\t\t\t<\/div>\n\t\t<\/section>\n\t\t\t\t<\/div>\n\t\t","protected":false},"excerpt":{"rendered":"<p>Mehrheitsbeteiligung &#8211; realisiert 2006 Mehr erfahren DMS DMS produziert und vertreibt Maschinen und Anlagen f\u00fcr die Nassprozesstechnik in der Fertigung von Halbleitern sowie notwendige Verbrauchsmaterialien. Im Jahr 2003 hatte DMS als familiengef\u00fchrtes Unternehmen die Nachfolge zu l\u00f6sen. \u00dcber das Netzwerk von Brockhaus Private Equity kam der Kontakt zustande und im Juli erwarben wir die DMS [&hellip;]<\/p>\n","protected":false},"author":2,"featured_media":0,"parent":307,"menu_order":0,"comment_status":"closed","ping_status":"closed","template":"full-width.php","meta":{"_acf_changed":false,"_mo_disable_npp":"","footnotes":""},"class_list":["post-2644","page","type-page","status-publish","hentry"],"acf":[],"yoast_head":"<!-- This site is optimized with the Yoast SEO plugin v27.3 - https:\/\/yoast.com\/product\/yoast-seo-wordpress\/ -->\n<title>DMS Investments \u2013 Brockhaus Technologies<\/title>\n<meta name=\"description\" content=\"DMS ist Produzent und Vertreiber von Anlagen im Bereich Nassprozesstechnik in der Fertigung von Halbleitern und dazu ben\u00f6tigte Verbrauchsmaterialien.\" \/>\n<meta name=\"robots\" content=\"index, follow, max-snippet:-1, max-image-preview:large, max-video-preview:-1\" \/>\n<link rel=\"canonical\" href=\"https:\/\/www.brockhaus-technologies.com\/de\/ueber-uns\/dms\/\" \/>\n<meta property=\"og:locale\" content=\"de_DE\" \/>\n<meta property=\"og:type\" content=\"article\" \/>\n<meta property=\"og:title\" content=\"DMS Investments \u2013 Brockhaus Technologies\" \/>\n<meta property=\"og:description\" content=\"DMS ist Produzent und Vertreiber von Anlagen im Bereich Nassprozesstechnik in der Fertigung von Halbleitern und dazu ben\u00f6tigte Verbrauchsmaterialien.\" \/>\n<meta property=\"og:url\" content=\"https:\/\/www.brockhaus-technologies.com\/de\/ueber-uns\/dms\/\" \/>\n<meta property=\"og:site_name\" content=\"Brockhaus Technologies\" \/>\n<meta property=\"article:modified_time\" content=\"2023-09-28T14:16:41+00:00\" \/>\n<meta property=\"og:image\" content=\"https:\/\/www.brockhaus-technologies.com\/wp-content\/uploads\/2021\/09\/dms-logo.png\" \/>\n<meta name=\"twitter:card\" content=\"summary_large_image\" \/>\n<meta name=\"twitter:label1\" content=\"Gesch\u00e4tzte Lesezeit\" \/>\n\t<meta name=\"twitter:data1\" content=\"2\u00a0Minuten\" \/>\n<script type=\"application\/ld+json\" class=\"yoast-schema-graph\">{\"@context\":\"https:\\\/\\\/schema.org\",\"@graph\":[{\"@type\":\"WebPage\",\"@id\":\"https:\\\/\\\/www.brockhaus-technologies.com\\\/de\\\/ueber-uns\\\/dms\\\/\",\"url\":\"https:\\\/\\\/www.brockhaus-technologies.com\\\/de\\\/ueber-uns\\\/dms\\\/\",\"name\":\"DMS Investments \u2013 Brockhaus Technologies\",\"isPartOf\":{\"@id\":\"https:\\\/\\\/www.brockhaus-technologies.com\\\/de\\\/#website\"},\"primaryImageOfPage\":{\"@id\":\"https:\\\/\\\/www.brockhaus-technologies.com\\\/de\\\/ueber-uns\\\/dms\\\/#primaryimage\"},\"image\":{\"@id\":\"https:\\\/\\\/www.brockhaus-technologies.com\\\/de\\\/ueber-uns\\\/dms\\\/#primaryimage\"},\"thumbnailUrl\":\"https:\\\/\\\/www.brockhaus-technologies.com\\\/wp-content\\\/uploads\\\/2021\\\/09\\\/dms-logo.png\",\"datePublished\":\"2021-09-21T13:01:20+00:00\",\"dateModified\":\"2023-09-28T14:16:41+00:00\",\"description\":\"DMS ist Produzent und Vertreiber von Anlagen im Bereich Nassprozesstechnik in der Fertigung von Halbleitern und dazu ben\u00f6tigte Verbrauchsmaterialien.\",\"breadcrumb\":{\"@id\":\"https:\\\/\\\/www.brockhaus-technologies.com\\\/de\\\/ueber-uns\\\/dms\\\/#breadcrumb\"},\"inLanguage\":\"de\",\"potentialAction\":[{\"@type\":\"ReadAction\",\"target\":[\"https:\\\/\\\/www.brockhaus-technologies.com\\\/de\\\/ueber-uns\\\/dms\\\/\"]}]},{\"@type\":\"ImageObject\",\"inLanguage\":\"de\",\"@id\":\"https:\\\/\\\/www.brockhaus-technologies.com\\\/de\\\/ueber-uns\\\/dms\\\/#primaryimage\",\"url\":\"https:\\\/\\\/www.brockhaus-technologies.com\\\/wp-content\\\/uploads\\\/2021\\\/09\\\/dms-logo.png\",\"contentUrl\":\"https:\\\/\\\/www.brockhaus-technologies.com\\\/wp-content\\\/uploads\\\/2021\\\/09\\\/dms-logo.png\"},{\"@type\":\"BreadcrumbList\",\"@id\":\"https:\\\/\\\/www.brockhaus-technologies.com\\\/de\\\/ueber-uns\\\/dms\\\/#breadcrumb\",\"itemListElement\":[{\"@type\":\"ListItem\",\"position\":1,\"name\":\"Startseite\",\"item\":\"https:\\\/\\\/www.brockhaus-technologies.com\\\/de\\\/\"},{\"@type\":\"ListItem\",\"position\":2,\"name\":\"\u00dcber Uns\",\"item\":\"https:\\\/\\\/www.brockhaus-technologies.com\\\/de\\\/ueber-uns\\\/\"},{\"@type\":\"ListItem\",\"position\":3,\"name\":\"DMS\"}]},{\"@type\":\"WebSite\",\"@id\":\"https:\\\/\\\/www.brockhaus-technologies.com\\\/de\\\/#website\",\"url\":\"https:\\\/\\\/www.brockhaus-technologies.com\\\/de\\\/\",\"name\":\"Brockhaus Technologies\",\"description\":\"Wir akquirieren Innovations- und Technologief\u00fchrer aus dem deutschen Mittelstand\",\"potentialAction\":[{\"@type\":\"SearchAction\",\"target\":{\"@type\":\"EntryPoint\",\"urlTemplate\":\"https:\\\/\\\/www.brockhaus-technologies.com\\\/de\\\/?s={search_term_string}\"},\"query-input\":{\"@type\":\"PropertyValueSpecification\",\"valueRequired\":true,\"valueName\":\"search_term_string\"}}],\"inLanguage\":\"de\"}]}<\/script>\n<!-- \/ Yoast SEO plugin. -->","yoast_head_json":{"title":"DMS Investments \u2013 Brockhaus Technologies","description":"DMS ist Produzent und Vertreiber von Anlagen im Bereich Nassprozesstechnik in der Fertigung von Halbleitern und dazu ben\u00f6tigte Verbrauchsmaterialien.","robots":{"index":"index","follow":"follow","max-snippet":"max-snippet:-1","max-image-preview":"max-image-preview:large","max-video-preview":"max-video-preview:-1"},"canonical":"https:\/\/www.brockhaus-technologies.com\/de\/ueber-uns\/dms\/","og_locale":"de_DE","og_type":"article","og_title":"DMS Investments \u2013 Brockhaus Technologies","og_description":"DMS ist Produzent und Vertreiber von Anlagen im Bereich Nassprozesstechnik in der Fertigung von Halbleitern und dazu ben\u00f6tigte Verbrauchsmaterialien.","og_url":"https:\/\/www.brockhaus-technologies.com\/de\/ueber-uns\/dms\/","og_site_name":"Brockhaus Technologies","article_modified_time":"2023-09-28T14:16:41+00:00","og_image":[{"url":"https:\/\/www.brockhaus-technologies.com\/wp-content\/uploads\/2021\/09\/dms-logo.png","type":"","width":"","height":""}],"twitter_card":"summary_large_image","twitter_misc":{"Gesch\u00e4tzte Lesezeit":"2\u00a0Minuten"},"schema":{"@context":"https:\/\/schema.org","@graph":[{"@type":"WebPage","@id":"https:\/\/www.brockhaus-technologies.com\/de\/ueber-uns\/dms\/","url":"https:\/\/www.brockhaus-technologies.com\/de\/ueber-uns\/dms\/","name":"DMS Investments \u2013 Brockhaus Technologies","isPartOf":{"@id":"https:\/\/www.brockhaus-technologies.com\/de\/#website"},"primaryImageOfPage":{"@id":"https:\/\/www.brockhaus-technologies.com\/de\/ueber-uns\/dms\/#primaryimage"},"image":{"@id":"https:\/\/www.brockhaus-technologies.com\/de\/ueber-uns\/dms\/#primaryimage"},"thumbnailUrl":"https:\/\/www.brockhaus-technologies.com\/wp-content\/uploads\/2021\/09\/dms-logo.png","datePublished":"2021-09-21T13:01:20+00:00","dateModified":"2023-09-28T14:16:41+00:00","description":"DMS ist Produzent und Vertreiber von Anlagen im Bereich Nassprozesstechnik in der Fertigung von Halbleitern und dazu ben\u00f6tigte Verbrauchsmaterialien.","breadcrumb":{"@id":"https:\/\/www.brockhaus-technologies.com\/de\/ueber-uns\/dms\/#breadcrumb"},"inLanguage":"de","potentialAction":[{"@type":"ReadAction","target":["https:\/\/www.brockhaus-technologies.com\/de\/ueber-uns\/dms\/"]}]},{"@type":"ImageObject","inLanguage":"de","@id":"https:\/\/www.brockhaus-technologies.com\/de\/ueber-uns\/dms\/#primaryimage","url":"https:\/\/www.brockhaus-technologies.com\/wp-content\/uploads\/2021\/09\/dms-logo.png","contentUrl":"https:\/\/www.brockhaus-technologies.com\/wp-content\/uploads\/2021\/09\/dms-logo.png"},{"@type":"BreadcrumbList","@id":"https:\/\/www.brockhaus-technologies.com\/de\/ueber-uns\/dms\/#breadcrumb","itemListElement":[{"@type":"ListItem","position":1,"name":"Startseite","item":"https:\/\/www.brockhaus-technologies.com\/de\/"},{"@type":"ListItem","position":2,"name":"\u00dcber Uns","item":"https:\/\/www.brockhaus-technologies.com\/de\/ueber-uns\/"},{"@type":"ListItem","position":3,"name":"DMS"}]},{"@type":"WebSite","@id":"https:\/\/www.brockhaus-technologies.com\/de\/#website","url":"https:\/\/www.brockhaus-technologies.com\/de\/","name":"Brockhaus Technologies","description":"Wir akquirieren Innovations- und Technologief\u00fchrer aus dem deutschen Mittelstand","potentialAction":[{"@type":"SearchAction","target":{"@type":"EntryPoint","urlTemplate":"https:\/\/www.brockhaus-technologies.com\/de\/?s={search_term_string}"},"query-input":{"@type":"PropertyValueSpecification","valueRequired":true,"valueName":"search_term_string"}}],"inLanguage":"de"}]}},"_links":{"self":[{"href":"https:\/\/www.brockhaus-technologies.com\/de\/wp-json\/wp\/v2\/pages\/2644","targetHints":{"allow":["GET"]}}],"collection":[{"href":"https:\/\/www.brockhaus-technologies.com\/de\/wp-json\/wp\/v2\/pages"}],"about":[{"href":"https:\/\/www.brockhaus-technologies.com\/de\/wp-json\/wp\/v2\/types\/page"}],"author":[{"embeddable":true,"href":"https:\/\/www.brockhaus-technologies.com\/de\/wp-json\/wp\/v2\/users\/2"}],"replies":[{"embeddable":true,"href":"https:\/\/www.brockhaus-technologies.com\/de\/wp-json\/wp\/v2\/comments?post=2644"}],"version-history":[{"count":5,"href":"https:\/\/www.brockhaus-technologies.com\/de\/wp-json\/wp\/v2\/pages\/2644\/revisions"}],"predecessor-version":[{"id":15831,"href":"https:\/\/www.brockhaus-technologies.com\/de\/wp-json\/wp\/v2\/pages\/2644\/revisions\/15831"}],"up":[{"embeddable":true,"href":"https:\/\/www.brockhaus-technologies.com\/de\/wp-json\/wp\/v2\/pages\/307"}],"wp:attachment":[{"href":"https:\/\/www.brockhaus-technologies.com\/de\/wp-json\/wp\/v2\/media?parent=2644"}],"curies":[{"name":"wp","href":"https:\/\/api.w.org\/{rel}","templated":true}]}}