{"id":2572,"date":"2021-09-21T14:33:01","date_gmt":"2021-09-21T12:33:01","guid":{"rendered":"https:\/\/www.brockhaus-technologies.com\/?page_id=2572"},"modified":"2023-09-28T16:51:19","modified_gmt":"2023-09-28T14:51:19","slug":"tmax-gruppe","status":"publish","type":"page","link":"https:\/\/www.brockhaus-technologies.com\/de\/ueber-uns\/tmax-gruppe\/","title":{"rendered":"Tmax-Gruppe"},"content":{"rendered":"\t\t<div data-elementor-type=\"wp-page\" data-elementor-id=\"2572\" class=\"elementor elementor-2572\" data-elementor-post-type=\"page\">\n\t\t\t\t\t\t<section class=\"elementor-section elementor-top-section elementor-element elementor-element-221c3f08 elementor-section-height-min-height elementor-section-boxed elementor-section-height-default elementor-section-items-middle\" data-id=\"221c3f08\" data-element_type=\"section\" data-e-type=\"section\" data-settings=\"{&quot;jet_parallax_layout_list&quot;:[{&quot;jet_parallax_layout_image&quot;:{&quot;url&quot;:&quot;&quot;,&quot;id&quot;:&quot;&quot;,&quot;size&quot;:&quot;&quot;},&quot;_id&quot;:&quot;63414a8&quot;,&quot;jet_parallax_layout_image_tablet&quot;:{&quot;url&quot;:&quot;&quot;,&quot;id&quot;:&quot;&quot;,&quot;size&quot;:&quot;&quot;},&quot;jet_parallax_layout_image_mobile&quot;:{&quot;url&quot;:&quot;&quot;,&quot;id&quot;:&quot;&quot;,&quot;size&quot;:&quot;&quot;},&quot;jet_parallax_layout_speed&quot;:{&quot;unit&quot;:&quot;%&quot;,&quot;size&quot;:50,&quot;sizes&quot;:[]},&quot;jet_parallax_layout_type&quot;:&quot;scroll&quot;,&quot;jet_parallax_layout_direction&quot;:&quot;1&quot;,&quot;jet_parallax_layout_fx_direction&quot;:null,&quot;jet_parallax_layout_z_index&quot;:&quot;&quot;,&quot;jet_parallax_layout_bg_x&quot;:50,&quot;jet_parallax_layout_bg_x_tablet&quot;:&quot;&quot;,&quot;jet_parallax_layout_bg_x_mobile&quot;:&quot;&quot;,&quot;jet_parallax_layout_bg_y&quot;:50,&quot;jet_parallax_layout_bg_y_tablet&quot;:&quot;&quot;,&quot;jet_parallax_layout_bg_y_mobile&quot;:&quot;&quot;,&quot;jet_parallax_layout_bg_size&quot;:&quot;auto&quot;,&quot;jet_parallax_layout_bg_size_tablet&quot;:&quot;&quot;,&quot;jet_parallax_layout_bg_size_mobile&quot;:&quot;&quot;,&quot;jet_parallax_layout_animation_prop&quot;:&quot;transform&quot;,&quot;jet_parallax_layout_on&quot;:[&quot;desktop&quot;,&quot;tablet&quot;]}],&quot;background_background&quot;:&quot;classic&quot;}\">\n\t\t\t\t\t\t\t<div class=\"elementor-background-overlay\"><\/div>\n\t\t\t\t\t\t\t<div class=\"elementor-container elementor-column-gap-default\">\n\t\t\t\t\t<div class=\"elementor-column elementor-col-100 elementor-top-column elementor-element elementor-element-6ec52dad\" data-id=\"6ec52dad\" data-element_type=\"column\" data-e-type=\"column\">\n\t\t\t<div class=\"elementor-widget-wrap elementor-element-populated\">\n\t\t\t\t\t\t<div class=\"elementor-element elementor-element-a101155 elementor-widget elementor-widget-image\" data-id=\"a101155\" data-element_type=\"widget\" data-e-type=\"widget\" data-widget_type=\"image.default\">\n\t\t\t\t<div class=\"elementor-widget-container\">\n\t\t\t\t\t\t\t\t\t\t\t\t\t\t\t<img fetchpriority=\"high\" decoding=\"async\" width=\"554\" height=\"220\" src=\"https:\/\/www.brockhaus-technologies.com\/wp-content\/uploads\/2021\/09\/tmax-logo.png\" class=\"attachment-large size-large wp-image-1087\" alt=\"\" srcset=\"https:\/\/www.brockhaus-technologies.com\/wp-content\/uploads\/2021\/09\/tmax-logo.png 554w, https:\/\/www.brockhaus-technologies.com\/wp-content\/uploads\/2021\/09\/tmax-logo-300x119.png 300w\" sizes=\"(max-width: 554px) 100vw, 554px\" \/>\t\t\t\t\t\t\t\t\t\t\t\t\t\t\t<\/div>\n\t\t\t\t<\/div>\n\t\t\t\t<div class=\"elementor-element elementor-element-60fa5499 elementor-widget elementor-widget-text-editor\" data-id=\"60fa5499\" data-element_type=\"widget\" data-e-type=\"widget\" data-widget_type=\"text-editor.default\">\n\t\t\t\t<div class=\"elementor-widget-container\">\n\t\t\t\t\t\t\t\t\t<p>Minderheitsbeteiligung \u2013 realisiert 2017<\/p>\t\t\t\t\t\t\t\t<\/div>\n\t\t\t\t<\/div>\n\t\t\t\t<div class=\"elementor-element elementor-element-f999312 elementor-align-center elementor-widget elementor-widget-button\" data-id=\"f999312\" data-element_type=\"widget\" data-e-type=\"widget\" data-widget_type=\"button.default\">\n\t\t\t\t<div class=\"elementor-widget-container\">\n\t\t\t\t\t\t\t\t\t<div class=\"elementor-button-wrapper\">\n\t\t\t\t\t<a class=\"elementor-button elementor-button-link elementor-size-sm\" href=\"#more\">\n\t\t\t\t\t\t<span class=\"elementor-button-content-wrapper\">\n\t\t\t\t\t\t\t\t\t<span class=\"elementor-button-text\">Mehr erfahren<\/span>\n\t\t\t\t\t<\/span>\n\t\t\t\t\t<\/a>\n\t\t\t\t<\/div>\n\t\t\t\t\t\t\t\t<\/div>\n\t\t\t\t<\/div>\n\t\t\t\t\t<\/div>\n\t\t<\/div>\n\t\t\t\t\t<\/div>\n\t\t<\/section>\n\t\t\t\t<section class=\"elementor-section elementor-top-section elementor-element elementor-element-49a4af50 elementor-section-boxed elementor-section-height-default elementor-section-height-default\" data-id=\"49a4af50\" data-element_type=\"section\" data-e-type=\"section\" id=\"more\" data-settings=\"{&quot;jet_parallax_layout_list&quot;:[{&quot;jet_parallax_layout_image&quot;:{&quot;url&quot;:&quot;&quot;,&quot;id&quot;:&quot;&quot;,&quot;size&quot;:&quot;&quot;},&quot;_id&quot;:&quot;3f14b13&quot;,&quot;jet_parallax_layout_image_tablet&quot;:{&quot;url&quot;:&quot;&quot;,&quot;id&quot;:&quot;&quot;,&quot;size&quot;:&quot;&quot;},&quot;jet_parallax_layout_image_mobile&quot;:{&quot;url&quot;:&quot;&quot;,&quot;id&quot;:&quot;&quot;,&quot;size&quot;:&quot;&quot;},&quot;jet_parallax_layout_speed&quot;:{&quot;unit&quot;:&quot;%&quot;,&quot;size&quot;:50,&quot;sizes&quot;:[]},&quot;jet_parallax_layout_type&quot;:&quot;scroll&quot;,&quot;jet_parallax_layout_direction&quot;:&quot;1&quot;,&quot;jet_parallax_layout_fx_direction&quot;:null,&quot;jet_parallax_layout_z_index&quot;:&quot;&quot;,&quot;jet_parallax_layout_bg_x&quot;:50,&quot;jet_parallax_layout_bg_x_tablet&quot;:&quot;&quot;,&quot;jet_parallax_layout_bg_x_mobile&quot;:&quot;&quot;,&quot;jet_parallax_layout_bg_y&quot;:50,&quot;jet_parallax_layout_bg_y_tablet&quot;:&quot;&quot;,&quot;jet_parallax_layout_bg_y_mobile&quot;:&quot;&quot;,&quot;jet_parallax_layout_bg_size&quot;:&quot;auto&quot;,&quot;jet_parallax_layout_bg_size_tablet&quot;:&quot;&quot;,&quot;jet_parallax_layout_bg_size_mobile&quot;:&quot;&quot;,&quot;jet_parallax_layout_animation_prop&quot;:&quot;transform&quot;,&quot;jet_parallax_layout_on&quot;:[&quot;desktop&quot;,&quot;tablet&quot;]}]}\" data-aos=\"fade-up\" data-aos-offset=\"200\" data-aos-delay=\"50\" data-aos-duration=\"500\">\n\t\t\t\t\t\t<div class=\"elementor-container elementor-column-gap-default\">\n\t\t\t\t\t<div class=\"elementor-column elementor-col-50 elementor-top-column elementor-element elementor-element-534d0f3e\" data-id=\"534d0f3e\" data-element_type=\"column\" data-e-type=\"column\">\n\t\t\t<div class=\"elementor-widget-wrap elementor-element-populated\">\n\t\t\t\t\t\t<div class=\"elementor-element elementor-element-8cc6ab4 elementor-widget elementor-widget-heading\" data-id=\"8cc6ab4\" data-element_type=\"widget\" data-e-type=\"widget\" data-widget_type=\"heading.default\">\n\t\t\t\t<div class=\"elementor-widget-container\">\n\t\t\t\t\t<h1 class=\"elementor-heading-title elementor-size-default\">Tmax-Gruppe<\/h1>\t\t\t\t<\/div>\n\t\t\t\t<\/div>\n\t\t\t\t<div class=\"elementor-element elementor-element-427a339a elementor-widget elementor-widget-text-editor\" data-id=\"427a339a\" data-element_type=\"widget\" data-e-type=\"widget\" data-widget_type=\"text-editor.default\">\n\t\t\t\t<div class=\"elementor-widget-container\">\n\t\t\t\t\t\t\t\t\t<p>Die Tmax-Gruppe entwickelt und produziert Hochtemperatur-D\u00e4mmungen f\u00fcr (Gro\u00df-)Motoren in verschiedensten Anwendungsbereichen.<\/p><p>Gest\u00fctzt auf erstklassiges technologisches Know-how und eine gezielte Spezialisierung hat sich Tmax in den vergangenen Jahren \u00e4u\u00dferst erfolgreich zum Innovationsf\u00fchrer f\u00fcr Hochtemperatur-D\u00e4mmungen entwickelt. Die 1976 gegr\u00fcndete Gruppe, mit Hauptstandort in Mannheim und Auslandst\u00f6chtern v.a. in den USA und China, geh\u00f6rt weltweit zu den f\u00fchrenden Anbietern von thermischen und akustischen D\u00e4mmungen f\u00fcr Motorraum und Abgasstrang in Industrien wie Schiffbau, Nutzfahrzeuge (On- und Off-Highway) und Personenfahrzeuge (Premiumsegment), Energieerzeugung sowie \u00d6l und Gas. Die breite Kundenbasis besteht \u00fcberwiegend aus internationalen \u201eBlue Chip\u201c-Unternehmen. Getrieben wird das starke Wachstum des Unternehmens durch regulatorische Anforderungen (EURO VI, Tier 4, SOLAS) und den damit verbundenen weltweiten Trend zu effizienteren und umweltfreundlicheren Motoren und Antriebssystemen.<\/p><p>Der Kontakt zur Tmax-Gruppe wurde durch das Netzwerk von Brockhaus Private Equity hergestellt, woraufhin im M\u00e4rz 2015 eine Minderheitsbeteiligung erworben wurde. Unter der neuen Eigent\u00fcmerstruktur erfolgte die organisatorische St\u00e4rkung der Tmax-Gruppe sowie die Fortsetzung der internationalen Expansion.<\/p><p>Im Oktober 2017 erfolgte die Gesamtver\u00e4u\u00dferung der Tmax-Gruppe an den Finanzinvestor Capvis.<\/p>\t\t\t\t\t\t\t\t<\/div>\n\t\t\t\t<\/div>\n\t\t\t\t<div class=\"elementor-element elementor-element-720921be elementor-widget elementor-widget-text-editor\" data-id=\"720921be\" data-element_type=\"widget\" data-e-type=\"widget\" data-widget_type=\"text-editor.default\">\n\t\t\t\t<div class=\"elementor-widget-container\">\n\t\t\t\t\t\t\t\t\t<p><a class=\"\" href=\"http:\/\/www.thermamax.com\/\" target=\"_blank\" rel=\"noopener\">www.thermamax.com<\/a><\/p>\t\t\t\t\t\t\t\t<\/div>\n\t\t\t\t<\/div>\n\t\t\t\t\t<\/div>\n\t\t<\/div>\n\t\t\t\t<div class=\"elementor-column elementor-col-50 elementor-top-column elementor-element elementor-element-7295ef74\" data-id=\"7295ef74\" data-element_type=\"column\" data-e-type=\"column\">\n\t\t\t<div class=\"elementor-widget-wrap elementor-element-populated\">\n\t\t\t\t\t\t<div class=\"elementor-element elementor-element-26c813a7 elementor-widget elementor-widget-image\" data-id=\"26c813a7\" data-element_type=\"widget\" data-e-type=\"widget\" data-widget_type=\"image.default\">\n\t\t\t\t<div class=\"elementor-widget-container\">\n\t\t\t\t\t\t\t\t\t\t\t\t\t\t\t<img decoding=\"async\" width=\"1024\" height=\"382\" src=\"https:\/\/www.brockhaus-technologies.com\/wp-content\/uploads\/2021\/09\/tr_tmax-1024x382.jpg\" class=\"attachment-large size-large wp-image-2577\" alt=\"\" srcset=\"https:\/\/www.brockhaus-technologies.com\/wp-content\/uploads\/2021\/09\/tr_tmax-1024x382.jpg 1024w, https:\/\/www.brockhaus-technologies.com\/wp-content\/uploads\/2021\/09\/tr_tmax-300x112.jpg 300w, https:\/\/www.brockhaus-technologies.com\/wp-content\/uploads\/2021\/09\/tr_tmax-768x287.jpg 768w, https:\/\/www.brockhaus-technologies.com\/wp-content\/uploads\/2021\/09\/tr_tmax-1536x573.jpg 1536w, https:\/\/www.brockhaus-technologies.com\/wp-content\/uploads\/2021\/09\/tr_tmax.jpg 1608w\" sizes=\"(max-width: 1024px) 100vw, 1024px\" \/>\t\t\t\t\t\t\t\t\t\t\t\t\t\t\t<\/div>\n\t\t\t\t<\/div>\n\t\t\t\t\t<\/div>\n\t\t<\/div>\n\t\t\t\t\t<\/div>\n\t\t<\/section>\n\t\t\t\t<\/div>\n\t\t","protected":false},"excerpt":{"rendered":"<p>Minderheitsbeteiligung \u2013 realisiert 2017 Mehr erfahren Tmax-Gruppe Die Tmax-Gruppe entwickelt und produziert Hochtemperatur-D\u00e4mmungen f\u00fcr (Gro\u00df-)Motoren in verschiedensten Anwendungsbereichen. Gest\u00fctzt auf erstklassiges technologisches Know-how und eine gezielte Spezialisierung hat sich Tmax in den vergangenen Jahren \u00e4u\u00dferst erfolgreich zum Innovationsf\u00fchrer f\u00fcr Hochtemperatur-D\u00e4mmungen entwickelt. Die 1976 gegr\u00fcndete Gruppe, mit Hauptstandort in Mannheim und Auslandst\u00f6chtern v.a. in den USA [&hellip;]<\/p>\n","protected":false},"author":2,"featured_media":0,"parent":307,"menu_order":0,"comment_status":"closed","ping_status":"closed","template":"full-width.php","meta":{"_acf_changed":false,"_mo_disable_npp":"","footnotes":""},"class_list":["post-2572","page","type-page","status-publish","hentry"],"acf":[],"yoast_head":"<!-- This site is optimized with the Yoast SEO plugin v27.4 - https:\/\/yoast.com\/product\/yoast-seo-wordpress\/ -->\n<title>Tmax-Group Investment \u2013 Brockhaus Technologies<\/title>\n<meta name=\"description\" content=\"Tmax als Spezialist f\u00fcr die Entwicklung thermischer und akustischer D\u00e4mmsysteme f\u00fcr L\u00f6sungen im Hochtemperaturbereich.\" \/>\n<meta name=\"robots\" content=\"index, follow, max-snippet:-1, max-image-preview:large, max-video-preview:-1\" \/>\n<link rel=\"canonical\" href=\"https:\/\/www.brockhaus-technologies.com\/de\/ueber-uns\/tmax-gruppe\/\" \/>\n<meta property=\"og:locale\" content=\"de_DE\" \/>\n<meta property=\"og:type\" content=\"article\" \/>\n<meta property=\"og:title\" content=\"Tmax-Group Investment \u2013 Brockhaus Technologies\" \/>\n<meta property=\"og:description\" content=\"Tmax als Spezialist f\u00fcr die Entwicklung thermischer und akustischer D\u00e4mmsysteme f\u00fcr L\u00f6sungen im Hochtemperaturbereich.\" \/>\n<meta property=\"og:url\" content=\"https:\/\/www.brockhaus-technologies.com\/de\/ueber-uns\/tmax-gruppe\/\" \/>\n<meta property=\"og:site_name\" content=\"Brockhaus Technologies\" \/>\n<meta property=\"article:modified_time\" content=\"2023-09-28T14:51:19+00:00\" \/>\n<meta property=\"og:image\" content=\"https:\/\/www.brockhaus-technologies.com\/wp-content\/uploads\/2021\/09\/tmax-logo.png\" \/>\n<meta name=\"twitter:card\" content=\"summary_large_image\" \/>\n<meta name=\"twitter:label1\" content=\"Gesch\u00e4tzte Lesezeit\" \/>\n\t<meta name=\"twitter:data1\" content=\"2\u00a0Minuten\" \/>\n<script type=\"application\/ld+json\" class=\"yoast-schema-graph\">{\"@context\":\"https:\\\/\\\/schema.org\",\"@graph\":[{\"@type\":\"WebPage\",\"@id\":\"https:\\\/\\\/www.brockhaus-technologies.com\\\/de\\\/ueber-uns\\\/tmax-gruppe\\\/\",\"url\":\"https:\\\/\\\/www.brockhaus-technologies.com\\\/de\\\/ueber-uns\\\/tmax-gruppe\\\/\",\"name\":\"Tmax-Group Investment \u2013 Brockhaus Technologies\",\"isPartOf\":{\"@id\":\"https:\\\/\\\/www.brockhaus-technologies.com\\\/de\\\/#website\"},\"primaryImageOfPage\":{\"@id\":\"https:\\\/\\\/www.brockhaus-technologies.com\\\/de\\\/ueber-uns\\\/tmax-gruppe\\\/#primaryimage\"},\"image\":{\"@id\":\"https:\\\/\\\/www.brockhaus-technologies.com\\\/de\\\/ueber-uns\\\/tmax-gruppe\\\/#primaryimage\"},\"thumbnailUrl\":\"https:\\\/\\\/www.brockhaus-technologies.com\\\/wp-content\\\/uploads\\\/2021\\\/09\\\/tmax-logo.png\",\"datePublished\":\"2021-09-21T12:33:01+00:00\",\"dateModified\":\"2023-09-28T14:51:19+00:00\",\"description\":\"Tmax als Spezialist f\u00fcr die Entwicklung thermischer und akustischer D\u00e4mmsysteme f\u00fcr L\u00f6sungen im Hochtemperaturbereich.\",\"breadcrumb\":{\"@id\":\"https:\\\/\\\/www.brockhaus-technologies.com\\\/de\\\/ueber-uns\\\/tmax-gruppe\\\/#breadcrumb\"},\"inLanguage\":\"de\",\"potentialAction\":[{\"@type\":\"ReadAction\",\"target\":[\"https:\\\/\\\/www.brockhaus-technologies.com\\\/de\\\/ueber-uns\\\/tmax-gruppe\\\/\"]}]},{\"@type\":\"ImageObject\",\"inLanguage\":\"de\",\"@id\":\"https:\\\/\\\/www.brockhaus-technologies.com\\\/de\\\/ueber-uns\\\/tmax-gruppe\\\/#primaryimage\",\"url\":\"https:\\\/\\\/www.brockhaus-technologies.com\\\/wp-content\\\/uploads\\\/2021\\\/09\\\/tmax-logo.png\",\"contentUrl\":\"https:\\\/\\\/www.brockhaus-technologies.com\\\/wp-content\\\/uploads\\\/2021\\\/09\\\/tmax-logo.png\"},{\"@type\":\"BreadcrumbList\",\"@id\":\"https:\\\/\\\/www.brockhaus-technologies.com\\\/de\\\/ueber-uns\\\/tmax-gruppe\\\/#breadcrumb\",\"itemListElement\":[{\"@type\":\"ListItem\",\"position\":1,\"name\":\"Startseite\",\"item\":\"https:\\\/\\\/www.brockhaus-technologies.com\\\/de\\\/\"},{\"@type\":\"ListItem\",\"position\":2,\"name\":\"\u00dcber Uns\",\"item\":\"https:\\\/\\\/www.brockhaus-technologies.com\\\/de\\\/ueber-uns\\\/\"},{\"@type\":\"ListItem\",\"position\":3,\"name\":\"Tmax-Gruppe\"}]},{\"@type\":\"WebSite\",\"@id\":\"https:\\\/\\\/www.brockhaus-technologies.com\\\/de\\\/#website\",\"url\":\"https:\\\/\\\/www.brockhaus-technologies.com\\\/de\\\/\",\"name\":\"Brockhaus Technologies\",\"description\":\"Wir akquirieren Innovations- und Technologief\u00fchrer aus dem deutschen Mittelstand\",\"potentialAction\":[{\"@type\":\"SearchAction\",\"target\":{\"@type\":\"EntryPoint\",\"urlTemplate\":\"https:\\\/\\\/www.brockhaus-technologies.com\\\/de\\\/?s={search_term_string}\"},\"query-input\":{\"@type\":\"PropertyValueSpecification\",\"valueRequired\":true,\"valueName\":\"search_term_string\"}}],\"inLanguage\":\"de\"}]}<\/script>\n<!-- \/ Yoast SEO plugin. -->","yoast_head_json":{"title":"Tmax-Group Investment \u2013 Brockhaus Technologies","description":"Tmax als Spezialist f\u00fcr die Entwicklung thermischer und akustischer D\u00e4mmsysteme f\u00fcr L\u00f6sungen im Hochtemperaturbereich.","robots":{"index":"index","follow":"follow","max-snippet":"max-snippet:-1","max-image-preview":"max-image-preview:large","max-video-preview":"max-video-preview:-1"},"canonical":"https:\/\/www.brockhaus-technologies.com\/de\/ueber-uns\/tmax-gruppe\/","og_locale":"de_DE","og_type":"article","og_title":"Tmax-Group Investment \u2013 Brockhaus Technologies","og_description":"Tmax als Spezialist f\u00fcr die Entwicklung thermischer und akustischer D\u00e4mmsysteme f\u00fcr L\u00f6sungen im Hochtemperaturbereich.","og_url":"https:\/\/www.brockhaus-technologies.com\/de\/ueber-uns\/tmax-gruppe\/","og_site_name":"Brockhaus Technologies","article_modified_time":"2023-09-28T14:51:19+00:00","og_image":[{"url":"https:\/\/www.brockhaus-technologies.com\/wp-content\/uploads\/2021\/09\/tmax-logo.png","type":"","width":"","height":""}],"twitter_card":"summary_large_image","twitter_misc":{"Gesch\u00e4tzte Lesezeit":"2\u00a0Minuten"},"schema":{"@context":"https:\/\/schema.org","@graph":[{"@type":"WebPage","@id":"https:\/\/www.brockhaus-technologies.com\/de\/ueber-uns\/tmax-gruppe\/","url":"https:\/\/www.brockhaus-technologies.com\/de\/ueber-uns\/tmax-gruppe\/","name":"Tmax-Group Investment \u2013 Brockhaus Technologies","isPartOf":{"@id":"https:\/\/www.brockhaus-technologies.com\/de\/#website"},"primaryImageOfPage":{"@id":"https:\/\/www.brockhaus-technologies.com\/de\/ueber-uns\/tmax-gruppe\/#primaryimage"},"image":{"@id":"https:\/\/www.brockhaus-technologies.com\/de\/ueber-uns\/tmax-gruppe\/#primaryimage"},"thumbnailUrl":"https:\/\/www.brockhaus-technologies.com\/wp-content\/uploads\/2021\/09\/tmax-logo.png","datePublished":"2021-09-21T12:33:01+00:00","dateModified":"2023-09-28T14:51:19+00:00","description":"Tmax als Spezialist f\u00fcr die Entwicklung thermischer und akustischer D\u00e4mmsysteme f\u00fcr L\u00f6sungen im Hochtemperaturbereich.","breadcrumb":{"@id":"https:\/\/www.brockhaus-technologies.com\/de\/ueber-uns\/tmax-gruppe\/#breadcrumb"},"inLanguage":"de","potentialAction":[{"@type":"ReadAction","target":["https:\/\/www.brockhaus-technologies.com\/de\/ueber-uns\/tmax-gruppe\/"]}]},{"@type":"ImageObject","inLanguage":"de","@id":"https:\/\/www.brockhaus-technologies.com\/de\/ueber-uns\/tmax-gruppe\/#primaryimage","url":"https:\/\/www.brockhaus-technologies.com\/wp-content\/uploads\/2021\/09\/tmax-logo.png","contentUrl":"https:\/\/www.brockhaus-technologies.com\/wp-content\/uploads\/2021\/09\/tmax-logo.png"},{"@type":"BreadcrumbList","@id":"https:\/\/www.brockhaus-technologies.com\/de\/ueber-uns\/tmax-gruppe\/#breadcrumb","itemListElement":[{"@type":"ListItem","position":1,"name":"Startseite","item":"https:\/\/www.brockhaus-technologies.com\/de\/"},{"@type":"ListItem","position":2,"name":"\u00dcber Uns","item":"https:\/\/www.brockhaus-technologies.com\/de\/ueber-uns\/"},{"@type":"ListItem","position":3,"name":"Tmax-Gruppe"}]},{"@type":"WebSite","@id":"https:\/\/www.brockhaus-technologies.com\/de\/#website","url":"https:\/\/www.brockhaus-technologies.com\/de\/","name":"Brockhaus Technologies","description":"Wir akquirieren Innovations- und Technologief\u00fchrer aus dem deutschen Mittelstand","potentialAction":[{"@type":"SearchAction","target":{"@type":"EntryPoint","urlTemplate":"https:\/\/www.brockhaus-technologies.com\/de\/?s={search_term_string}"},"query-input":{"@type":"PropertyValueSpecification","valueRequired":true,"valueName":"search_term_string"}}],"inLanguage":"de"}]}},"_links":{"self":[{"href":"https:\/\/www.brockhaus-technologies.com\/de\/wp-json\/wp\/v2\/pages\/2572","targetHints":{"allow":["GET"]}}],"collection":[{"href":"https:\/\/www.brockhaus-technologies.com\/de\/wp-json\/wp\/v2\/pages"}],"about":[{"href":"https:\/\/www.brockhaus-technologies.com\/de\/wp-json\/wp\/v2\/types\/page"}],"author":[{"embeddable":true,"href":"https:\/\/www.brockhaus-technologies.com\/de\/wp-json\/wp\/v2\/users\/2"}],"replies":[{"embeddable":true,"href":"https:\/\/www.brockhaus-technologies.com\/de\/wp-json\/wp\/v2\/comments?post=2572"}],"version-history":[{"count":5,"href":"https:\/\/www.brockhaus-technologies.com\/de\/wp-json\/wp\/v2\/pages\/2572\/revisions"}],"predecessor-version":[{"id":15878,"href":"https:\/\/www.brockhaus-technologies.com\/de\/wp-json\/wp\/v2\/pages\/2572\/revisions\/15878"}],"up":[{"embeddable":true,"href":"https:\/\/www.brockhaus-technologies.com\/de\/wp-json\/wp\/v2\/pages\/307"}],"wp:attachment":[{"href":"https:\/\/www.brockhaus-technologies.com\/de\/wp-json\/wp\/v2\/media?parent=2572"}],"curies":[{"name":"wp","href":"https:\/\/api.w.org\/{rel}","templated":true}]}}