{"id":2557,"date":"2021-09-21T14:25:48","date_gmt":"2021-09-21T12:25:48","guid":{"rendered":"https:\/\/www.brockhaus-technologies.com\/?page_id=2557"},"modified":"2024-01-23T12:26:06","modified_gmt":"2024-01-23T11:26:06","slug":"360t","status":"publish","type":"page","link":"https:\/\/www.brockhaus-technologies.com\/de\/ueber-uns\/360t\/","title":{"rendered":"360t"},"content":{"rendered":"\t\t<div data-elementor-type=\"wp-page\" data-elementor-id=\"2557\" class=\"elementor elementor-2557\" data-elementor-post-type=\"page\">\n\t\t\t\t\t\t<section class=\"elementor-section elementor-top-section elementor-element elementor-element-6f1ebad6 elementor-section-height-min-height elementor-section-boxed elementor-section-height-default elementor-section-items-middle\" data-id=\"6f1ebad6\" data-element_type=\"section\" data-e-type=\"section\" data-settings=\"{&quot;jet_parallax_layout_list&quot;:[{&quot;jet_parallax_layout_image&quot;:{&quot;url&quot;:&quot;&quot;,&quot;id&quot;:&quot;&quot;,&quot;size&quot;:&quot;&quot;},&quot;_id&quot;:&quot;63414a8&quot;,&quot;jet_parallax_layout_image_tablet&quot;:{&quot;url&quot;:&quot;&quot;,&quot;id&quot;:&quot;&quot;,&quot;size&quot;:&quot;&quot;},&quot;jet_parallax_layout_image_mobile&quot;:{&quot;url&quot;:&quot;&quot;,&quot;id&quot;:&quot;&quot;,&quot;size&quot;:&quot;&quot;},&quot;jet_parallax_layout_speed&quot;:{&quot;unit&quot;:&quot;%&quot;,&quot;size&quot;:50,&quot;sizes&quot;:[]},&quot;jet_parallax_layout_type&quot;:&quot;scroll&quot;,&quot;jet_parallax_layout_direction&quot;:&quot;1&quot;,&quot;jet_parallax_layout_fx_direction&quot;:null,&quot;jet_parallax_layout_z_index&quot;:&quot;&quot;,&quot;jet_parallax_layout_bg_x&quot;:50,&quot;jet_parallax_layout_bg_x_tablet&quot;:&quot;&quot;,&quot;jet_parallax_layout_bg_x_mobile&quot;:&quot;&quot;,&quot;jet_parallax_layout_bg_y&quot;:50,&quot;jet_parallax_layout_bg_y_tablet&quot;:&quot;&quot;,&quot;jet_parallax_layout_bg_y_mobile&quot;:&quot;&quot;,&quot;jet_parallax_layout_bg_size&quot;:&quot;auto&quot;,&quot;jet_parallax_layout_bg_size_tablet&quot;:&quot;&quot;,&quot;jet_parallax_layout_bg_size_mobile&quot;:&quot;&quot;,&quot;jet_parallax_layout_animation_prop&quot;:&quot;transform&quot;,&quot;jet_parallax_layout_on&quot;:[&quot;desktop&quot;,&quot;tablet&quot;]}],&quot;background_background&quot;:&quot;classic&quot;}\">\n\t\t\t\t\t\t\t<div class=\"elementor-background-overlay\"><\/div>\n\t\t\t\t\t\t\t<div class=\"elementor-container elementor-column-gap-default\">\n\t\t\t\t\t<div class=\"elementor-column elementor-col-100 elementor-top-column elementor-element elementor-element-22ff5b21\" data-id=\"22ff5b21\" data-element_type=\"column\" data-e-type=\"column\">\n\t\t\t<div class=\"elementor-widget-wrap elementor-element-populated\">\n\t\t\t\t\t\t<div class=\"elementor-element elementor-element-15e07880 elementor-widget elementor-widget-image\" data-id=\"15e07880\" data-element_type=\"widget\" data-e-type=\"widget\" data-widget_type=\"image.default\">\n\t\t\t\t<div class=\"elementor-widget-container\">\n\t\t\t\t\t\t\t\t\t\t\t\t\t\t\t<img fetchpriority=\"high\" decoding=\"async\" width=\"554\" height=\"220\" src=\"https:\/\/www.brockhaus-technologies.com\/wp-content\/uploads\/2021\/09\/360t-logo-bcm-1.png\" class=\"attachment-large size-large wp-image-1082\" alt=\"\" srcset=\"https:\/\/www.brockhaus-technologies.com\/wp-content\/uploads\/2021\/09\/360t-logo-bcm-1.png 554w, https:\/\/www.brockhaus-technologies.com\/wp-content\/uploads\/2021\/09\/360t-logo-bcm-1-300x119.png 300w\" sizes=\"(max-width: 554px) 100vw, 554px\" \/>\t\t\t\t\t\t\t\t\t\t\t\t\t\t\t<\/div>\n\t\t\t\t<\/div>\n\t\t\t\t<div class=\"elementor-element elementor-element-63fa78b3 elementor-widget elementor-widget-text-editor\" data-id=\"63fa78b3\" data-element_type=\"widget\" data-e-type=\"widget\" data-widget_type=\"text-editor.default\">\n\t\t\t\t<div class=\"elementor-widget-container\">\n\t\t\t\t\t\t\t\t\tMinderheitsbeteiligung \u2013 realisiert 2015 \t\t\t\t\t\t\t\t<\/div>\n\t\t\t\t<\/div>\n\t\t\t\t<div class=\"elementor-element elementor-element-423f227 elementor-align-center elementor-widget elementor-widget-button\" data-id=\"423f227\" data-element_type=\"widget\" data-e-type=\"widget\" data-widget_type=\"button.default\">\n\t\t\t\t<div class=\"elementor-widget-container\">\n\t\t\t\t\t\t\t\t\t<div class=\"elementor-button-wrapper\">\n\t\t\t\t\t<a class=\"elementor-button elementor-button-link elementor-size-sm\" href=\"#more\">\n\t\t\t\t\t\t<span class=\"elementor-button-content-wrapper\">\n\t\t\t\t\t\t\t\t\t<span class=\"elementor-button-text\">Mehr erfahren<\/span>\n\t\t\t\t\t<\/span>\n\t\t\t\t\t<\/a>\n\t\t\t\t<\/div>\n\t\t\t\t\t\t\t\t<\/div>\n\t\t\t\t<\/div>\n\t\t\t\t\t<\/div>\n\t\t<\/div>\n\t\t\t\t\t<\/div>\n\t\t<\/section>\n\t\t\t\t<section class=\"elementor-section elementor-top-section elementor-element elementor-element-4d35a0d8 elementor-section-boxed elementor-section-height-default elementor-section-height-default\" data-id=\"4d35a0d8\" data-element_type=\"section\" data-e-type=\"section\" id=\"more\" data-settings=\"{&quot;jet_parallax_layout_list&quot;:[{&quot;jet_parallax_layout_image&quot;:{&quot;url&quot;:&quot;&quot;,&quot;id&quot;:&quot;&quot;,&quot;size&quot;:&quot;&quot;},&quot;_id&quot;:&quot;3f14b13&quot;,&quot;jet_parallax_layout_image_tablet&quot;:{&quot;url&quot;:&quot;&quot;,&quot;id&quot;:&quot;&quot;,&quot;size&quot;:&quot;&quot;},&quot;jet_parallax_layout_image_mobile&quot;:{&quot;url&quot;:&quot;&quot;,&quot;id&quot;:&quot;&quot;,&quot;size&quot;:&quot;&quot;},&quot;jet_parallax_layout_speed&quot;:{&quot;unit&quot;:&quot;%&quot;,&quot;size&quot;:50,&quot;sizes&quot;:[]},&quot;jet_parallax_layout_type&quot;:&quot;scroll&quot;,&quot;jet_parallax_layout_direction&quot;:&quot;1&quot;,&quot;jet_parallax_layout_fx_direction&quot;:null,&quot;jet_parallax_layout_z_index&quot;:&quot;&quot;,&quot;jet_parallax_layout_bg_x&quot;:50,&quot;jet_parallax_layout_bg_x_tablet&quot;:&quot;&quot;,&quot;jet_parallax_layout_bg_x_mobile&quot;:&quot;&quot;,&quot;jet_parallax_layout_bg_y&quot;:50,&quot;jet_parallax_layout_bg_y_tablet&quot;:&quot;&quot;,&quot;jet_parallax_layout_bg_y_mobile&quot;:&quot;&quot;,&quot;jet_parallax_layout_bg_size&quot;:&quot;auto&quot;,&quot;jet_parallax_layout_bg_size_tablet&quot;:&quot;&quot;,&quot;jet_parallax_layout_bg_size_mobile&quot;:&quot;&quot;,&quot;jet_parallax_layout_animation_prop&quot;:&quot;transform&quot;,&quot;jet_parallax_layout_on&quot;:[&quot;desktop&quot;,&quot;tablet&quot;]}]}\" data-aos=\"fade-up\" data-aos-offset=\"200\" data-aos-delay=\"50\" data-aos-duration=\"500\">\n\t\t\t\t\t\t<div class=\"elementor-container elementor-column-gap-default\">\n\t\t\t\t\t<div class=\"elementor-column elementor-col-50 elementor-top-column elementor-element elementor-element-58c00981\" data-id=\"58c00981\" data-element_type=\"column\" data-e-type=\"column\">\n\t\t\t<div class=\"elementor-widget-wrap elementor-element-populated\">\n\t\t\t\t\t\t<div class=\"elementor-element elementor-element-2701217 elementor-widget elementor-widget-heading\" data-id=\"2701217\" data-element_type=\"widget\" data-e-type=\"widget\" data-widget_type=\"heading.default\">\n\t\t\t\t<div class=\"elementor-widget-container\">\n\t\t\t\t\t<h1 class=\"elementor-heading-title elementor-size-default\">360t<\/h1>\t\t\t\t<\/div>\n\t\t\t\t<\/div>\n\t\t\t\t<div class=\"elementor-element elementor-element-40356dfb elementor-widget elementor-widget-text-editor\" data-id=\"40356dfb\" data-element_type=\"widget\" data-e-type=\"widget\" data-widget_type=\"text-editor.default\">\n\t\t\t\t<div class=\"elementor-widget-container\">\n\t\t\t\t\t\t\t\t\t<p>\n360T ist eine f\u00fchrende, elektronische Handelsplattform f\u00fcr die transparente und effiziente Abwicklung von Devisengesch\u00e4ften und Geldmarktprodukten.<\/p>\n\n<p>360T hat sich als L\u00f6sungsanbieter f\u00fcr den gesamten Trading Workflow auf den elektronischen Handel \u00fcber alle Asset-Klassen (v.a. FX-Kontrakte) spezialisiert und bietet Unternehmen, Banken, Versicherungen sowie institutionellen Fonds eine Vernetzung f\u00fcr OTC (Over-The-Counter) Gesch\u00e4fte an, die einfach in existierende Systeme von Kunden und Banken zu integrieren ist. Die effizientere und gleichzeitig transparentere Preisfindung der Gesch\u00e4fte erm\u00f6glicht Kosteneinsparungen f\u00fcr Kunden und eine effiziente Einbindung in Risk-Management- und Reporting-Systeme. Dar\u00fcber hinaus bietet die bankenunabh\u00e4ngige Gesellschaft eine Lizenzierung der Technologie, z.&nbsp;B. f\u00fcr den internen Einsatz bei internationalen Gro\u00dfkonzernen und Banken an. 360T \u00fcberzeugte insbesondere durch ein profitables und stabiles Gesch\u00e4ftsmodell, welches hochgradig skalierbar ist. Der Hauptsitz des Unternehmens, das BaFin reguliert ist, befindet sich in Frankfurt am Main. Mit Auslandsstandorten in Europa, USA, Asien, Indien und dem Mittleren Osten werden Kunden aus mehr als 90 L\u00e4ndern betreut.<\/p>\n\n<p>Im Oktober 2009 konsolidierte Brockhaus Private Equity die komplexe Aktion\u00e4rsstruktur und wurde gr\u00f6\u00dfter institutioneller Aktion\u00e4r.<\/p>\n\n<p>Im Rahmen eines Verkaufs an Summit Partners im Juni 2012 realisierte Brockhaus Private Equity einen Teil seiner Unternehmensanteile, partizipierte aber durch eine R\u00fcckbeteiligung weiterhin an der positiven Entwicklung von 360T. Im Juli 2015 hat die Deutsche B\u00f6rse AG einen Kaufvertrag zum Erwerb s\u00e4mtlicher Gesch\u00e4ftsanteile an der 360T unterzeichnet und Brockhaus Private Equity im Rahmen der Transaktion die noch gehaltene Beteiligung ver\u00e4u\u00dfert. Nachdem die zust\u00e4ndigen Kartellbeh\u00f6rden und die deutsche Bundesanstalt f\u00fcr Finanzdienstleistungsaufsicht (BaFin) die Freigabe erteilt haben, wurde die \u00dcbernahme am 15. Oktober 2015 abgeschlossen.<\/p>\t\t\t\t\t\t\t\t<\/div>\n\t\t\t\t<\/div>\n\t\t\t\t<div class=\"elementor-element elementor-element-5a7e5ad2 elementor-widget elementor-widget-text-editor\" data-id=\"5a7e5ad2\" data-element_type=\"widget\" data-e-type=\"widget\" data-widget_type=\"text-editor.default\">\n\t\t\t\t<div class=\"elementor-widget-container\">\n\t\t\t\t\t\t\t\t\t<p><a href=\"http:\/\/www.360t.com\/\">www.360t.com<\/a><\/p>\t\t\t\t\t\t\t\t<\/div>\n\t\t\t\t<\/div>\n\t\t\t\t<div class=\"elementor-element elementor-element-6147bf6b elementor-widget elementor-widget-text-editor\" data-id=\"6147bf6b\" data-element_type=\"widget\" data-e-type=\"widget\" data-widget_type=\"text-editor.default\">\n\t\t\t\t<div class=\"elementor-widget-container\">\n\t\t\t\t\t\t\t\t\t<p><a href=\"http:\/\/brockhaus-pe.de\/deutsche-boerse-kauft-360t\/\">Presseartikel zum Verkauf<\/a><\/p>\t\t\t\t\t\t\t\t<\/div>\n\t\t\t\t<\/div>\n\t\t\t\t\t<\/div>\n\t\t<\/div>\n\t\t\t\t<div class=\"elementor-column elementor-col-50 elementor-top-column elementor-element elementor-element-4387ad0a\" data-id=\"4387ad0a\" data-element_type=\"column\" data-e-type=\"column\">\n\t\t\t<div class=\"elementor-widget-wrap elementor-element-populated\">\n\t\t\t\t\t\t<div class=\"elementor-element elementor-element-70222da3 elementor-widget elementor-widget-image\" data-id=\"70222da3\" data-element_type=\"widget\" data-e-type=\"widget\" data-widget_type=\"image.default\">\n\t\t\t\t<div class=\"elementor-widget-container\">\n\t\t\t\t\t\t\t\t\t\t\t\t\t\t\t<img decoding=\"async\" width=\"1024\" height=\"382\" src=\"https:\/\/www.brockhaus-technologies.com\/wp-content\/uploads\/2021\/09\/trackrecord-360t-brockhaus-technologies-1024x382.jpg\" class=\"attachment-large size-large wp-image-2565\" alt=\"\" srcset=\"https:\/\/www.brockhaus-technologies.com\/wp-content\/uploads\/2021\/09\/trackrecord-360t-brockhaus-technologies-1024x382.jpg 1024w, https:\/\/www.brockhaus-technologies.com\/wp-content\/uploads\/2021\/09\/trackrecord-360t-brockhaus-technologies-300x112.jpg 300w, https:\/\/www.brockhaus-technologies.com\/wp-content\/uploads\/2021\/09\/trackrecord-360t-brockhaus-technologies-768x287.jpg 768w, https:\/\/www.brockhaus-technologies.com\/wp-content\/uploads\/2021\/09\/trackrecord-360t-brockhaus-technologies-1536x573.jpg 1536w, https:\/\/www.brockhaus-technologies.com\/wp-content\/uploads\/2021\/09\/trackrecord-360t-brockhaus-technologies.jpg 1608w\" sizes=\"(max-width: 1024px) 100vw, 1024px\" \/>\t\t\t\t\t\t\t\t\t\t\t\t\t\t\t<\/div>\n\t\t\t\t<\/div>\n\t\t\t\t\t<\/div>\n\t\t<\/div>\n\t\t\t\t\t<\/div>\n\t\t<\/section>\n\t\t\t\t<\/div>\n\t\t","protected":false},"excerpt":{"rendered":"<p>Minderheitsbeteiligung \u2013 realisiert 2015 Mehr erfahren 360t 360T ist eine f\u00fchrende, elektronische Handelsplattform f\u00fcr die transparente und effiziente Abwicklung von Devisengesch\u00e4ften und Geldmarktprodukten. 360T hat sich als L\u00f6sungsanbieter f\u00fcr den gesamten Trading Workflow auf den elektronischen Handel \u00fcber alle Asset-Klassen (v.a. FX-Kontrakte) spezialisiert und bietet Unternehmen, Banken, Versicherungen sowie institutionellen Fonds eine Vernetzung f\u00fcr OTC [&hellip;]<\/p>\n","protected":false},"author":2,"featured_media":0,"parent":307,"menu_order":0,"comment_status":"closed","ping_status":"closed","template":"full-width.php","meta":{"_acf_changed":false,"_mo_disable_npp":"","footnotes":""},"class_list":["post-2557","page","type-page","status-publish","hentry"],"acf":[],"yoast_head":"<!-- This site is optimized with the Yoast SEO plugin v27.3 - https:\/\/yoast.com\/product\/yoast-seo-wordpress\/ -->\n<title>360T Investment \u2013 Brockhaus Technologies<\/title>\n<meta name=\"description\" content=\"360T ist eine f\u00fchrende, elektronische Handelsplattform f\u00fcr die effiziente Abwicklung von Devisengesch\u00e4ften und Geldmarktprodukten.\" \/>\n<meta name=\"robots\" content=\"index, follow, max-snippet:-1, max-image-preview:large, max-video-preview:-1\" \/>\n<link rel=\"canonical\" href=\"https:\/\/www.brockhaus-technologies.com\/de\/ueber-uns\/360t\/\" \/>\n<meta property=\"og:locale\" content=\"de_DE\" \/>\n<meta property=\"og:type\" content=\"article\" \/>\n<meta property=\"og:title\" content=\"360T Investment \u2013 Brockhaus Technologies\" \/>\n<meta property=\"og:description\" content=\"360T ist eine f\u00fchrende, elektronische Handelsplattform f\u00fcr die effiziente Abwicklung von Devisengesch\u00e4ften und Geldmarktprodukten.\" \/>\n<meta property=\"og:url\" content=\"https:\/\/www.brockhaus-technologies.com\/de\/ueber-uns\/360t\/\" \/>\n<meta property=\"og:site_name\" content=\"Brockhaus Technologies\" \/>\n<meta property=\"article:modified_time\" content=\"2024-01-23T11:26:06+00:00\" \/>\n<meta property=\"og:image\" content=\"https:\/\/www.brockhaus-technologies.com\/wp-content\/uploads\/2021\/09\/360t-logo-bcm-1.png\" \/>\n<meta name=\"twitter:card\" content=\"summary_large_image\" \/>\n<meta name=\"twitter:label1\" content=\"Gesch\u00e4tzte Lesezeit\" \/>\n\t<meta name=\"twitter:data1\" content=\"2\u00a0Minuten\" \/>\n<script type=\"application\/ld+json\" class=\"yoast-schema-graph\">{\"@context\":\"https:\\\/\\\/schema.org\",\"@graph\":[{\"@type\":\"WebPage\",\"@id\":\"https:\\\/\\\/www.brockhaus-technologies.com\\\/de\\\/ueber-uns\\\/360t\\\/\",\"url\":\"https:\\\/\\\/www.brockhaus-technologies.com\\\/de\\\/ueber-uns\\\/360t\\\/\",\"name\":\"360T Investment \u2013 Brockhaus Technologies\",\"isPartOf\":{\"@id\":\"https:\\\/\\\/www.brockhaus-technologies.com\\\/de\\\/#website\"},\"primaryImageOfPage\":{\"@id\":\"https:\\\/\\\/www.brockhaus-technologies.com\\\/de\\\/ueber-uns\\\/360t\\\/#primaryimage\"},\"image\":{\"@id\":\"https:\\\/\\\/www.brockhaus-technologies.com\\\/de\\\/ueber-uns\\\/360t\\\/#primaryimage\"},\"thumbnailUrl\":\"https:\\\/\\\/www.brockhaus-technologies.com\\\/wp-content\\\/uploads\\\/2021\\\/09\\\/360t-logo-bcm-1.png\",\"datePublished\":\"2021-09-21T12:25:48+00:00\",\"dateModified\":\"2024-01-23T11:26:06+00:00\",\"description\":\"360T ist eine f\u00fchrende, elektronische Handelsplattform f\u00fcr die effiziente Abwicklung von Devisengesch\u00e4ften und Geldmarktprodukten.\",\"breadcrumb\":{\"@id\":\"https:\\\/\\\/www.brockhaus-technologies.com\\\/de\\\/ueber-uns\\\/360t\\\/#breadcrumb\"},\"inLanguage\":\"de\",\"potentialAction\":[{\"@type\":\"ReadAction\",\"target\":[\"https:\\\/\\\/www.brockhaus-technologies.com\\\/de\\\/ueber-uns\\\/360t\\\/\"]}]},{\"@type\":\"ImageObject\",\"inLanguage\":\"de\",\"@id\":\"https:\\\/\\\/www.brockhaus-technologies.com\\\/de\\\/ueber-uns\\\/360t\\\/#primaryimage\",\"url\":\"https:\\\/\\\/www.brockhaus-technologies.com\\\/wp-content\\\/uploads\\\/2021\\\/09\\\/360t-logo-bcm-1.png\",\"contentUrl\":\"https:\\\/\\\/www.brockhaus-technologies.com\\\/wp-content\\\/uploads\\\/2021\\\/09\\\/360t-logo-bcm-1.png\"},{\"@type\":\"BreadcrumbList\",\"@id\":\"https:\\\/\\\/www.brockhaus-technologies.com\\\/de\\\/ueber-uns\\\/360t\\\/#breadcrumb\",\"itemListElement\":[{\"@type\":\"ListItem\",\"position\":1,\"name\":\"Startseite\",\"item\":\"https:\\\/\\\/www.brockhaus-technologies.com\\\/de\\\/\"},{\"@type\":\"ListItem\",\"position\":2,\"name\":\"\u00dcber Uns\",\"item\":\"https:\\\/\\\/www.brockhaus-technologies.com\\\/de\\\/ueber-uns\\\/\"},{\"@type\":\"ListItem\",\"position\":3,\"name\":\"360t\"}]},{\"@type\":\"WebSite\",\"@id\":\"https:\\\/\\\/www.brockhaus-technologies.com\\\/de\\\/#website\",\"url\":\"https:\\\/\\\/www.brockhaus-technologies.com\\\/de\\\/\",\"name\":\"Brockhaus Technologies\",\"description\":\"Wir akquirieren Innovations- und Technologief\u00fchrer aus dem deutschen Mittelstand\",\"potentialAction\":[{\"@type\":\"SearchAction\",\"target\":{\"@type\":\"EntryPoint\",\"urlTemplate\":\"https:\\\/\\\/www.brockhaus-technologies.com\\\/de\\\/?s={search_term_string}\"},\"query-input\":{\"@type\":\"PropertyValueSpecification\",\"valueRequired\":true,\"valueName\":\"search_term_string\"}}],\"inLanguage\":\"de\"}]}<\/script>\n<!-- \/ Yoast SEO plugin. -->","yoast_head_json":{"title":"360T Investment \u2013 Brockhaus Technologies","description":"360T ist eine f\u00fchrende, elektronische Handelsplattform f\u00fcr die effiziente Abwicklung von Devisengesch\u00e4ften und Geldmarktprodukten.","robots":{"index":"index","follow":"follow","max-snippet":"max-snippet:-1","max-image-preview":"max-image-preview:large","max-video-preview":"max-video-preview:-1"},"canonical":"https:\/\/www.brockhaus-technologies.com\/de\/ueber-uns\/360t\/","og_locale":"de_DE","og_type":"article","og_title":"360T Investment \u2013 Brockhaus Technologies","og_description":"360T ist eine f\u00fchrende, elektronische Handelsplattform f\u00fcr die effiziente Abwicklung von Devisengesch\u00e4ften und Geldmarktprodukten.","og_url":"https:\/\/www.brockhaus-technologies.com\/de\/ueber-uns\/360t\/","og_site_name":"Brockhaus Technologies","article_modified_time":"2024-01-23T11:26:06+00:00","og_image":[{"url":"https:\/\/www.brockhaus-technologies.com\/wp-content\/uploads\/2021\/09\/360t-logo-bcm-1.png","type":"","width":"","height":""}],"twitter_card":"summary_large_image","twitter_misc":{"Gesch\u00e4tzte Lesezeit":"2\u00a0Minuten"},"schema":{"@context":"https:\/\/schema.org","@graph":[{"@type":"WebPage","@id":"https:\/\/www.brockhaus-technologies.com\/de\/ueber-uns\/360t\/","url":"https:\/\/www.brockhaus-technologies.com\/de\/ueber-uns\/360t\/","name":"360T Investment \u2013 Brockhaus Technologies","isPartOf":{"@id":"https:\/\/www.brockhaus-technologies.com\/de\/#website"},"primaryImageOfPage":{"@id":"https:\/\/www.brockhaus-technologies.com\/de\/ueber-uns\/360t\/#primaryimage"},"image":{"@id":"https:\/\/www.brockhaus-technologies.com\/de\/ueber-uns\/360t\/#primaryimage"},"thumbnailUrl":"https:\/\/www.brockhaus-technologies.com\/wp-content\/uploads\/2021\/09\/360t-logo-bcm-1.png","datePublished":"2021-09-21T12:25:48+00:00","dateModified":"2024-01-23T11:26:06+00:00","description":"360T ist eine f\u00fchrende, elektronische Handelsplattform f\u00fcr die effiziente Abwicklung von Devisengesch\u00e4ften und Geldmarktprodukten.","breadcrumb":{"@id":"https:\/\/www.brockhaus-technologies.com\/de\/ueber-uns\/360t\/#breadcrumb"},"inLanguage":"de","potentialAction":[{"@type":"ReadAction","target":["https:\/\/www.brockhaus-technologies.com\/de\/ueber-uns\/360t\/"]}]},{"@type":"ImageObject","inLanguage":"de","@id":"https:\/\/www.brockhaus-technologies.com\/de\/ueber-uns\/360t\/#primaryimage","url":"https:\/\/www.brockhaus-technologies.com\/wp-content\/uploads\/2021\/09\/360t-logo-bcm-1.png","contentUrl":"https:\/\/www.brockhaus-technologies.com\/wp-content\/uploads\/2021\/09\/360t-logo-bcm-1.png"},{"@type":"BreadcrumbList","@id":"https:\/\/www.brockhaus-technologies.com\/de\/ueber-uns\/360t\/#breadcrumb","itemListElement":[{"@type":"ListItem","position":1,"name":"Startseite","item":"https:\/\/www.brockhaus-technologies.com\/de\/"},{"@type":"ListItem","position":2,"name":"\u00dcber Uns","item":"https:\/\/www.brockhaus-technologies.com\/de\/ueber-uns\/"},{"@type":"ListItem","position":3,"name":"360t"}]},{"@type":"WebSite","@id":"https:\/\/www.brockhaus-technologies.com\/de\/#website","url":"https:\/\/www.brockhaus-technologies.com\/de\/","name":"Brockhaus Technologies","description":"Wir akquirieren Innovations- und Technologief\u00fchrer aus dem deutschen Mittelstand","potentialAction":[{"@type":"SearchAction","target":{"@type":"EntryPoint","urlTemplate":"https:\/\/www.brockhaus-technologies.com\/de\/?s={search_term_string}"},"query-input":{"@type":"PropertyValueSpecification","valueRequired":true,"valueName":"search_term_string"}}],"inLanguage":"de"}]}},"_links":{"self":[{"href":"https:\/\/www.brockhaus-technologies.com\/de\/wp-json\/wp\/v2\/pages\/2557","targetHints":{"allow":["GET"]}}],"collection":[{"href":"https:\/\/www.brockhaus-technologies.com\/de\/wp-json\/wp\/v2\/pages"}],"about":[{"href":"https:\/\/www.brockhaus-technologies.com\/de\/wp-json\/wp\/v2\/types\/page"}],"author":[{"embeddable":true,"href":"https:\/\/www.brockhaus-technologies.com\/de\/wp-json\/wp\/v2\/users\/2"}],"replies":[{"embeddable":true,"href":"https:\/\/www.brockhaus-technologies.com\/de\/wp-json\/wp\/v2\/comments?post=2557"}],"version-history":[{"count":5,"href":"https:\/\/www.brockhaus-technologies.com\/de\/wp-json\/wp\/v2\/pages\/2557\/revisions"}],"predecessor-version":[{"id":16329,"href":"https:\/\/www.brockhaus-technologies.com\/de\/wp-json\/wp\/v2\/pages\/2557\/revisions\/16329"}],"up":[{"embeddable":true,"href":"https:\/\/www.brockhaus-technologies.com\/de\/wp-json\/wp\/v2\/pages\/307"}],"wp:attachment":[{"href":"https:\/\/www.brockhaus-technologies.com\/de\/wp-json\/wp\/v2\/media?parent=2557"}],"curies":[{"name":"wp","href":"https:\/\/api.w.org\/{rel}","templated":true}]}}