{"id":15404,"date":"2023-07-14T10:53:05","date_gmt":"2023-07-14T08:53:05","guid":{"rendered":"https:\/\/www.brockhaus-technologies.com\/?page_id=15404"},"modified":"2025-11-19T14:01:36","modified_gmt":"2025-11-19T13:01:36","slug":"matthias-memminger","status":"publish","type":"page","link":"https:\/\/www.brockhaus-technologies.com\/de\/matthias-memminger\/","title":{"rendered":"Matthias Memminger"},"content":{"rendered":"\t\t<div data-elementor-type=\"wp-page\" data-elementor-id=\"15404\" class=\"elementor elementor-15404\" data-elementor-post-type=\"page\">\n\t\t\t\t\t\t<section class=\"elementor-section elementor-top-section elementor-element elementor-element-64de231 elementor-section-boxed elementor-section-height-default elementor-section-height-default\" data-id=\"64de231\" data-element_type=\"section\" data-e-type=\"section\" data-settings=\"{&quot;jet_parallax_layout_list&quot;:[]}\">\n\t\t\t\t\t\t<div class=\"elementor-container elementor-column-gap-default\">\n\t\t\t\t\t<div class=\"elementor-column elementor-col-50 elementor-top-column elementor-element elementor-element-8139a6b\" data-id=\"8139a6b\" data-element_type=\"column\" data-e-type=\"column\">\n\t\t\t<div class=\"elementor-widget-wrap elementor-element-populated\">\n\t\t\t\t\t\t<div class=\"elementor-element elementor-element-2b9b719 elementor-widget elementor-widget-image\" data-id=\"2b9b719\" data-element_type=\"widget\" data-e-type=\"widget\" data-widget_type=\"image.default\">\n\t\t\t\t<div class=\"elementor-widget-container\">\n\t\t\t\t\t\t\t\t\t\t\t\t\t\t\t<img fetchpriority=\"high\" decoding=\"async\" width=\"768\" height=\"907\" src=\"https:\/\/www.brockhaus-technologies.com\/wp-content\/uploads\/2023\/11\/5032_2179-HG2392-R1-1-768x907.jpg\" class=\"attachment-medium_large size-medium_large wp-image-16141\" alt=\"\" srcset=\"https:\/\/www.brockhaus-technologies.com\/wp-content\/uploads\/2023\/11\/5032_2179-HG2392-R1-1-768x907.jpg 768w, https:\/\/www.brockhaus-technologies.com\/wp-content\/uploads\/2023\/11\/5032_2179-HG2392-R1-1-254x300.jpg 254w, https:\/\/www.brockhaus-technologies.com\/wp-content\/uploads\/2023\/11\/5032_2179-HG2392-R1-1-867x1024.jpg 867w, https:\/\/www.brockhaus-technologies.com\/wp-content\/uploads\/2023\/11\/5032_2179-HG2392-R1-1.jpg 1016w\" sizes=\"(max-width: 768px) 100vw, 768px\" \/>\t\t\t\t\t\t\t\t\t\t\t\t\t\t\t<\/div>\n\t\t\t\t<\/div>\n\t\t\t\t\t<\/div>\n\t\t<\/div>\n\t\t\t\t<div class=\"elementor-column elementor-col-50 elementor-top-column elementor-element elementor-element-d36286f\" data-id=\"d36286f\" data-element_type=\"column\" data-e-type=\"column\">\n\t\t\t<div class=\"elementor-widget-wrap elementor-element-populated\">\n\t\t\t\t\t\t<div class=\"elementor-element elementor-element-db4c104 elementor-widget elementor-widget-heading\" data-id=\"db4c104\" data-element_type=\"widget\" data-e-type=\"widget\" data-widget_type=\"heading.default\">\n\t\t\t\t<div class=\"elementor-widget-container\">\n\t\t\t\t\t<h1 class=\"elementor-heading-title elementor-size-default\">Matthias Memminger<\/h1>\t\t\t\t<\/div>\n\t\t\t\t<\/div>\n\t\t\t\t<div class=\"elementor-element elementor-element-1f7faa2 elementor-widget elementor-widget-heading\" data-id=\"1f7faa2\" data-element_type=\"widget\" data-e-type=\"widget\" data-widget_type=\"heading.default\">\n\t\t\t\t<div class=\"elementor-widget-container\">\n\t\t\t\t\t<h2 class=\"elementor-heading-title elementor-size-default\">Aufsichtsrat<\/h2>\t\t\t\t<\/div>\n\t\t\t\t<\/div>\n\t\t\t\t<div class=\"elementor-element elementor-element-4f98531 elementor-widget elementor-widget-heading\" data-id=\"4f98531\" data-element_type=\"widget\" data-e-type=\"widget\" data-widget_type=\"heading.default\">\n\t\t\t\t<div class=\"elementor-widget-container\">\n\t\t\t\t\t<h5 class=\"elementor-heading-title elementor-size-default\"><p>Matthias Memminger ist seit Juni 2023 Mitglied des Aufsichtsrates der Brockhaus Technologies AG.<\/p>\n<p>Er h\u00e4lt einen Abschluss in Psychologie und Politikwissenschaften der Ludwig Maximilian Universit\u00e4t M\u00fcnchen sowie einen MBA in \u201eQuantitative Finance\u201c der Universit\u00e4t von Chicago.<\/p>\n\nMatthias Memminger verf\u00fcgt \u00fcber umfangreiche Erfahrung in den Bereichen Strategieentwicklung f\u00fcr globale Spieler im Finanz- und Kapitalmarkt (u.a. Global Client Partner f\u00fcr die UBS). Den Gro\u00dfteil seines Berufsweges hat er in den USA, England und in der Schweiz verbracht. Nach mehreren Stationen in Beratungen hat er sein eigenes Beratungsunternehmen in Z\u00fcrich gegr\u00fcndet (exit an eine globale Wirtschaftspr\u00fcfungsgesellschaft). Matthias Memminger hat Bain &amp; Company 2020 verlassen, um als Chief Strategy Officer und Teilhaber bei dem Fintech re:cap Technologies einzusteigen. Gleichzeitig ist er \u201etrusted adviser\u201c einer gro\u00dfen deutschen Unternehmerfamilie.\n<\/h5>\t\t\t\t<\/div>\n\t\t\t\t<\/div>\n\t\t\t\t<div class=\"elementor-element elementor-element-f32830c elementor-widget elementor-widget-button\" data-id=\"f32830c\" data-element_type=\"widget\" data-e-type=\"widget\" data-widget_type=\"button.default\">\n\t\t\t\t<div class=\"elementor-widget-container\">\n\t\t\t\t\t\t\t\t\t<div class=\"elementor-button-wrapper\">\n\t\t\t\t\t<a class=\"elementor-button elementor-button-link elementor-size-sm\" href=\"https:\/\/www.brockhaus-technologies.com\/wp-content\/uploads\/2025\/08\/230705_Lebenslauf-Matthias-Memminger.pdf\" target=\"_blank\">\n\t\t\t\t\t\t<span class=\"elementor-button-content-wrapper\">\n\t\t\t\t\t\t\t\t\t<span class=\"elementor-button-text\">Lebenslauf und Mitgliedschaften<\/span>\n\t\t\t\t\t<\/span>\n\t\t\t\t\t<\/a>\n\t\t\t\t<\/div>\n\t\t\t\t\t\t\t\t<\/div>\n\t\t\t\t<\/div>\n\t\t\t\t\t<\/div>\n\t\t<\/div>\n\t\t\t\t\t<\/div>\n\t\t<\/section>\n\t\t\t\t<section class=\"elementor-section elementor-top-section elementor-element elementor-element-d18bad0 elementor-section-boxed elementor-section-height-default elementor-section-height-default\" data-id=\"d18bad0\" data-element_type=\"section\" data-e-type=\"section\" data-settings=\"{&quot;jet_parallax_layout_list&quot;:[{&quot;jet_parallax_layout_image&quot;:{&quot;url&quot;:&quot;&quot;,&quot;id&quot;:&quot;&quot;,&quot;size&quot;:&quot;&quot;},&quot;_id&quot;:&quot;1cc7acb&quot;,&quot;jet_parallax_layout_image_tablet&quot;:{&quot;url&quot;:&quot;&quot;,&quot;id&quot;:&quot;&quot;,&quot;size&quot;:&quot;&quot;},&quot;jet_parallax_layout_image_mobile&quot;:{&quot;url&quot;:&quot;&quot;,&quot;id&quot;:&quot;&quot;,&quot;size&quot;:&quot;&quot;},&quot;jet_parallax_layout_speed&quot;:{&quot;unit&quot;:&quot;%&quot;,&quot;size&quot;:50,&quot;sizes&quot;:[]},&quot;jet_parallax_layout_type&quot;:&quot;scroll&quot;,&quot;jet_parallax_layout_direction&quot;:&quot;1&quot;,&quot;jet_parallax_layout_fx_direction&quot;:null,&quot;jet_parallax_layout_z_index&quot;:&quot;&quot;,&quot;jet_parallax_layout_bg_x&quot;:50,&quot;jet_parallax_layout_bg_x_tablet&quot;:&quot;&quot;,&quot;jet_parallax_layout_bg_x_mobile&quot;:&quot;&quot;,&quot;jet_parallax_layout_bg_y&quot;:50,&quot;jet_parallax_layout_bg_y_tablet&quot;:&quot;&quot;,&quot;jet_parallax_layout_bg_y_mobile&quot;:&quot;&quot;,&quot;jet_parallax_layout_bg_size&quot;:&quot;auto&quot;,&quot;jet_parallax_layout_bg_size_tablet&quot;:&quot;&quot;,&quot;jet_parallax_layout_bg_size_mobile&quot;:&quot;&quot;,&quot;jet_parallax_layout_animation_prop&quot;:&quot;transform&quot;,&quot;jet_parallax_layout_on&quot;:[&quot;desktop&quot;,&quot;tablet&quot;]}]}\" data-aos=\"fade-up\" data-aos-offset=\"200\" data-aos-delay=\"50\" data-aos-duration=\"500\">\n\t\t\t\t\t\t<div class=\"elementor-container elementor-column-gap-default\">\n\t\t\t\t\t<div class=\"elementor-column elementor-col-100 elementor-top-column elementor-element elementor-element-e6152c9\" data-id=\"e6152c9\" data-element_type=\"column\" data-e-type=\"column\">\n\t\t\t<div class=\"elementor-widget-wrap elementor-element-populated\">\n\t\t\t\t\t\t<div class=\"elementor-element elementor-element-1825645 elementor-widget-divider--view-line elementor-widget elementor-widget-divider\" data-id=\"1825645\" data-element_type=\"widget\" data-e-type=\"widget\" data-widget_type=\"divider.default\">\n\t\t\t\t<div class=\"elementor-widget-container\">\n\t\t\t\t\t\t\t<div class=\"elementor-divider\">\n\t\t\t<span class=\"elementor-divider-separator\">\n\t\t\t\t\t\t<\/span>\n\t\t<\/div>\n\t\t\t\t\t\t<\/div>\n\t\t\t\t<\/div>\n\t\t\t\t<div class=\"elementor-element elementor-element-a6a43ee elementor-align-center elementor-widget elementor-widget-button\" data-id=\"a6a43ee\" data-element_type=\"widget\" data-e-type=\"widget\" data-widget_type=\"button.default\">\n\t\t\t\t<div class=\"elementor-widget-container\">\n\t\t\t\t\t\t\t\t\t<div class=\"elementor-button-wrapper\">\n\t\t\t\t\t<a class=\"elementor-button elementor-button-link elementor-size-sm\" href=\"\/de\/ueber-uns\/aufsichtsrat\/\">\n\t\t\t\t\t\t<span class=\"elementor-button-content-wrapper\">\n\t\t\t\t\t\t\t\t\t<span class=\"elementor-button-text\">Zur\u00fcck zur \u00dcbersicht<\/span>\n\t\t\t\t\t<\/span>\n\t\t\t\t\t<\/a>\n\t\t\t\t<\/div>\n\t\t\t\t\t\t\t\t<\/div>\n\t\t\t\t<\/div>\n\t\t\t\t\t<\/div>\n\t\t<\/div>\n\t\t\t\t\t<\/div>\n\t\t<\/section>\n\t\t\t\t<\/div>\n\t\t","protected":false},"excerpt":{"rendered":"<p>Matthias Memminger Aufsichtsrat Matthias Memminger ist seit Juni 2023 Mitglied des Aufsichtsrates der Brockhaus Technologies AG. Er h\u00e4lt einen Abschluss in Psychologie und Politikwissenschaften der Ludwig Maximilian Universit\u00e4t M\u00fcnchen sowie einen MBA in \u201eQuantitative Finance\u201c der Universit\u00e4t von Chicago. Matthias Memminger verf\u00fcgt \u00fcber umfangreiche Erfahrung in den Bereichen Strategieentwicklung f\u00fcr globale Spieler im Finanz- und [&hellip;]<\/p>\n","protected":false},"author":3,"featured_media":0,"parent":0,"menu_order":0,"comment_status":"closed","ping_status":"closed","template":"elementor_header_footer","meta":{"_acf_changed":false,"_mo_disable_npp":"","footnotes":""},"class_list":["post-15404","page","type-page","status-publish","hentry"],"acf":[],"yoast_head":"<!-- This site is optimized with the Yoast SEO plugin v27.3 - https:\/\/yoast.com\/product\/yoast-seo-wordpress\/ -->\n<title>Matthias Memminger - Brockhaus Technologies<\/title>\n<meta name=\"robots\" content=\"index, follow, max-snippet:-1, max-image-preview:large, max-video-preview:-1\" \/>\n<link rel=\"canonical\" href=\"https:\/\/www.brockhaus-technologies.com\/de\/matthias-memminger\/\" \/>\n<meta property=\"og:locale\" content=\"de_DE\" \/>\n<meta property=\"og:type\" content=\"article\" \/>\n<meta property=\"og:title\" content=\"Matthias Memminger - Brockhaus Technologies\" \/>\n<meta property=\"og:description\" content=\"Matthias Memminger Aufsichtsrat Matthias Memminger ist seit Juni 2023 Mitglied des Aufsichtsrates der Brockhaus Technologies AG. Er h\u00e4lt einen Abschluss in Psychologie und Politikwissenschaften der Ludwig Maximilian Universit\u00e4t M\u00fcnchen sowie einen MBA in \u201eQuantitative Finance\u201c der Universit\u00e4t von Chicago. Matthias Memminger verf\u00fcgt \u00fcber umfangreiche Erfahrung in den Bereichen Strategieentwicklung f\u00fcr globale Spieler im Finanz- und [&hellip;]\" \/>\n<meta property=\"og:url\" content=\"https:\/\/www.brockhaus-technologies.com\/de\/matthias-memminger\/\" \/>\n<meta property=\"og:site_name\" content=\"Brockhaus Technologies\" \/>\n<meta property=\"article:modified_time\" content=\"2025-11-19T13:01:36+00:00\" \/>\n<meta property=\"og:image\" content=\"https:\/\/www.brockhaus-technologies.com\/wp-content\/uploads\/2023\/11\/5032_2179-HG2392-R1-1.jpg\" \/>\n\t<meta property=\"og:image:width\" content=\"1016\" \/>\n\t<meta property=\"og:image:height\" content=\"1200\" \/>\n\t<meta property=\"og:image:type\" content=\"image\/jpeg\" \/>\n<meta name=\"twitter:card\" content=\"summary_large_image\" \/>\n<meta name=\"twitter:label1\" content=\"Gesch\u00e4tzte Lesezeit\" \/>\n\t<meta name=\"twitter:data1\" content=\"1\u00a0Minute\" \/>\n<script type=\"application\/ld+json\" class=\"yoast-schema-graph\">{\"@context\":\"https:\\\/\\\/schema.org\",\"@graph\":[{\"@type\":\"WebPage\",\"@id\":\"https:\\\/\\\/www.brockhaus-technologies.com\\\/de\\\/matthias-memminger\\\/\",\"url\":\"https:\\\/\\\/www.brockhaus-technologies.com\\\/de\\\/matthias-memminger\\\/\",\"name\":\"Matthias Memminger - Brockhaus Technologies\",\"isPartOf\":{\"@id\":\"https:\\\/\\\/www.brockhaus-technologies.com\\\/de\\\/#website\"},\"primaryImageOfPage\":{\"@id\":\"https:\\\/\\\/www.brockhaus-technologies.com\\\/de\\\/matthias-memminger\\\/#primaryimage\"},\"image\":{\"@id\":\"https:\\\/\\\/www.brockhaus-technologies.com\\\/de\\\/matthias-memminger\\\/#primaryimage\"},\"thumbnailUrl\":\"https:\\\/\\\/www.brockhaus-technologies.com\\\/wp-content\\\/uploads\\\/2023\\\/11\\\/5032_2179-HG2392-R1-1-768x907.jpg\",\"datePublished\":\"2023-07-14T08:53:05+00:00\",\"dateModified\":\"2025-11-19T13:01:36+00:00\",\"breadcrumb\":{\"@id\":\"https:\\\/\\\/www.brockhaus-technologies.com\\\/de\\\/matthias-memminger\\\/#breadcrumb\"},\"inLanguage\":\"de\",\"potentialAction\":[{\"@type\":\"ReadAction\",\"target\":[\"https:\\\/\\\/www.brockhaus-technologies.com\\\/de\\\/matthias-memminger\\\/\"]}]},{\"@type\":\"ImageObject\",\"inLanguage\":\"de\",\"@id\":\"https:\\\/\\\/www.brockhaus-technologies.com\\\/de\\\/matthias-memminger\\\/#primaryimage\",\"url\":\"https:\\\/\\\/www.brockhaus-technologies.com\\\/wp-content\\\/uploads\\\/2023\\\/11\\\/5032_2179-HG2392-R1-1-768x907.jpg\",\"contentUrl\":\"https:\\\/\\\/www.brockhaus-technologies.com\\\/wp-content\\\/uploads\\\/2023\\\/11\\\/5032_2179-HG2392-R1-1-768x907.jpg\"},{\"@type\":\"BreadcrumbList\",\"@id\":\"https:\\\/\\\/www.brockhaus-technologies.com\\\/de\\\/matthias-memminger\\\/#breadcrumb\",\"itemListElement\":[{\"@type\":\"ListItem\",\"position\":1,\"name\":\"Startseite\",\"item\":\"https:\\\/\\\/www.brockhaus-technologies.com\\\/de\\\/\"},{\"@type\":\"ListItem\",\"position\":2,\"name\":\"Matthias Memminger\"}]},{\"@type\":\"WebSite\",\"@id\":\"https:\\\/\\\/www.brockhaus-technologies.com\\\/de\\\/#website\",\"url\":\"https:\\\/\\\/www.brockhaus-technologies.com\\\/de\\\/\",\"name\":\"Brockhaus Technologies\",\"description\":\"Wir akquirieren Innovations- und Technologief\u00fchrer aus dem deutschen Mittelstand\",\"potentialAction\":[{\"@type\":\"SearchAction\",\"target\":{\"@type\":\"EntryPoint\",\"urlTemplate\":\"https:\\\/\\\/www.brockhaus-technologies.com\\\/de\\\/?s={search_term_string}\"},\"query-input\":{\"@type\":\"PropertyValueSpecification\",\"valueRequired\":true,\"valueName\":\"search_term_string\"}}],\"inLanguage\":\"de\"}]}<\/script>\n<!-- \/ Yoast SEO plugin. -->","yoast_head_json":{"title":"Matthias Memminger - Brockhaus Technologies","robots":{"index":"index","follow":"follow","max-snippet":"max-snippet:-1","max-image-preview":"max-image-preview:large","max-video-preview":"max-video-preview:-1"},"canonical":"https:\/\/www.brockhaus-technologies.com\/de\/matthias-memminger\/","og_locale":"de_DE","og_type":"article","og_title":"Matthias Memminger - Brockhaus Technologies","og_description":"Matthias Memminger Aufsichtsrat Matthias Memminger ist seit Juni 2023 Mitglied des Aufsichtsrates der Brockhaus Technologies AG. Er h\u00e4lt einen Abschluss in Psychologie und Politikwissenschaften der Ludwig Maximilian Universit\u00e4t M\u00fcnchen sowie einen MBA in \u201eQuantitative Finance\u201c der Universit\u00e4t von Chicago. Matthias Memminger verf\u00fcgt \u00fcber umfangreiche Erfahrung in den Bereichen Strategieentwicklung f\u00fcr globale Spieler im Finanz- und [&hellip;]","og_url":"https:\/\/www.brockhaus-technologies.com\/de\/matthias-memminger\/","og_site_name":"Brockhaus Technologies","article_modified_time":"2025-11-19T13:01:36+00:00","og_image":[{"width":1016,"height":1200,"url":"https:\/\/www.brockhaus-technologies.com\/wp-content\/uploads\/2023\/11\/5032_2179-HG2392-R1-1.jpg","type":"image\/jpeg"}],"twitter_card":"summary_large_image","twitter_misc":{"Gesch\u00e4tzte Lesezeit":"1\u00a0Minute"},"schema":{"@context":"https:\/\/schema.org","@graph":[{"@type":"WebPage","@id":"https:\/\/www.brockhaus-technologies.com\/de\/matthias-memminger\/","url":"https:\/\/www.brockhaus-technologies.com\/de\/matthias-memminger\/","name":"Matthias Memminger - Brockhaus Technologies","isPartOf":{"@id":"https:\/\/www.brockhaus-technologies.com\/de\/#website"},"primaryImageOfPage":{"@id":"https:\/\/www.brockhaus-technologies.com\/de\/matthias-memminger\/#primaryimage"},"image":{"@id":"https:\/\/www.brockhaus-technologies.com\/de\/matthias-memminger\/#primaryimage"},"thumbnailUrl":"https:\/\/www.brockhaus-technologies.com\/wp-content\/uploads\/2023\/11\/5032_2179-HG2392-R1-1-768x907.jpg","datePublished":"2023-07-14T08:53:05+00:00","dateModified":"2025-11-19T13:01:36+00:00","breadcrumb":{"@id":"https:\/\/www.brockhaus-technologies.com\/de\/matthias-memminger\/#breadcrumb"},"inLanguage":"de","potentialAction":[{"@type":"ReadAction","target":["https:\/\/www.brockhaus-technologies.com\/de\/matthias-memminger\/"]}]},{"@type":"ImageObject","inLanguage":"de","@id":"https:\/\/www.brockhaus-technologies.com\/de\/matthias-memminger\/#primaryimage","url":"https:\/\/www.brockhaus-technologies.com\/wp-content\/uploads\/2023\/11\/5032_2179-HG2392-R1-1-768x907.jpg","contentUrl":"https:\/\/www.brockhaus-technologies.com\/wp-content\/uploads\/2023\/11\/5032_2179-HG2392-R1-1-768x907.jpg"},{"@type":"BreadcrumbList","@id":"https:\/\/www.brockhaus-technologies.com\/de\/matthias-memminger\/#breadcrumb","itemListElement":[{"@type":"ListItem","position":1,"name":"Startseite","item":"https:\/\/www.brockhaus-technologies.com\/de\/"},{"@type":"ListItem","position":2,"name":"Matthias Memminger"}]},{"@type":"WebSite","@id":"https:\/\/www.brockhaus-technologies.com\/de\/#website","url":"https:\/\/www.brockhaus-technologies.com\/de\/","name":"Brockhaus Technologies","description":"Wir akquirieren Innovations- und Technologief\u00fchrer aus dem deutschen Mittelstand","potentialAction":[{"@type":"SearchAction","target":{"@type":"EntryPoint","urlTemplate":"https:\/\/www.brockhaus-technologies.com\/de\/?s={search_term_string}"},"query-input":{"@type":"PropertyValueSpecification","valueRequired":true,"valueName":"search_term_string"}}],"inLanguage":"de"}]}},"_links":{"self":[{"href":"https:\/\/www.brockhaus-technologies.com\/de\/wp-json\/wp\/v2\/pages\/15404","targetHints":{"allow":["GET"]}}],"collection":[{"href":"https:\/\/www.brockhaus-technologies.com\/de\/wp-json\/wp\/v2\/pages"}],"about":[{"href":"https:\/\/www.brockhaus-technologies.com\/de\/wp-json\/wp\/v2\/types\/page"}],"author":[{"embeddable":true,"href":"https:\/\/www.brockhaus-technologies.com\/de\/wp-json\/wp\/v2\/users\/3"}],"replies":[{"embeddable":true,"href":"https:\/\/www.brockhaus-technologies.com\/de\/wp-json\/wp\/v2\/comments?post=15404"}],"version-history":[{"count":5,"href":"https:\/\/www.brockhaus-technologies.com\/de\/wp-json\/wp\/v2\/pages\/15404\/revisions"}],"predecessor-version":[{"id":18926,"href":"https:\/\/www.brockhaus-technologies.com\/de\/wp-json\/wp\/v2\/pages\/15404\/revisions\/18926"}],"wp:attachment":[{"href":"https:\/\/www.brockhaus-technologies.com\/de\/wp-json\/wp\/v2\/media?parent=15404"}],"curies":[{"name":"wp","href":"https:\/\/api.w.org\/{rel}","templated":true}]}}