{"id":12551,"date":"2022-07-21T16:41:55","date_gmt":"2022-07-21T14:41:55","guid":{"rendered":"https:\/\/www.brockhaus-technologies.com\/?page_id=12551"},"modified":"2025-11-19T13:59:08","modified_gmt":"2025-11-19T12:59:08","slug":"dr-nathalie-krebs","status":"publish","type":"page","link":"https:\/\/www.brockhaus-technologies.com\/de\/dr-nathalie-krebs\/","title":{"rendered":"Dr. Nathalie Krebs"},"content":{"rendered":"\t\t<div data-elementor-type=\"wp-page\" data-elementor-id=\"12551\" class=\"elementor elementor-12551\" data-elementor-post-type=\"page\">\n\t\t\t\t\t\t<section class=\"elementor-section elementor-top-section elementor-element elementor-element-51000c0e elementor-section-boxed elementor-section-height-default elementor-section-height-default\" data-id=\"51000c0e\" data-element_type=\"section\" data-e-type=\"section\" data-settings=\"{&quot;jet_parallax_layout_list&quot;:[]}\">\n\t\t\t\t\t\t<div class=\"elementor-container elementor-column-gap-default\">\n\t\t\t\t\t<div class=\"elementor-column elementor-col-50 elementor-top-column elementor-element elementor-element-38963aad\" data-id=\"38963aad\" data-element_type=\"column\" data-e-type=\"column\">\n\t\t\t<div class=\"elementor-widget-wrap elementor-element-populated\">\n\t\t\t\t\t\t<div class=\"elementor-element elementor-element-11705e97 elementor-widget elementor-widget-image\" data-id=\"11705e97\" data-element_type=\"widget\" data-e-type=\"widget\" data-widget_type=\"image.default\">\n\t\t\t\t<div class=\"elementor-widget-container\">\n\t\t\t\t\t\t\t\t\t\t\t\t\t\t\t<img fetchpriority=\"high\" decoding=\"async\" width=\"768\" height=\"1075\" src=\"https:\/\/www.brockhaus-technologies.com\/wp-content\/uploads\/2023\/03\/MG_8285_Final-3-768x1075.jpg\" class=\"attachment-medium_large size-medium_large wp-image-14842\" alt=\"\" srcset=\"https:\/\/www.brockhaus-technologies.com\/wp-content\/uploads\/2023\/03\/MG_8285_Final-3-768x1075.jpg 768w, https:\/\/www.brockhaus-technologies.com\/wp-content\/uploads\/2023\/03\/MG_8285_Final-3-214x300.jpg 214w, https:\/\/www.brockhaus-technologies.com\/wp-content\/uploads\/2023\/03\/MG_8285_Final-3-731x1024.jpg 731w, https:\/\/www.brockhaus-technologies.com\/wp-content\/uploads\/2023\/03\/MG_8285_Final-3.jpg 1000w\" sizes=\"(max-width: 768px) 100vw, 768px\" \/>\t\t\t\t\t\t\t\t\t\t\t\t\t\t\t<\/div>\n\t\t\t\t<\/div>\n\t\t\t\t\t<\/div>\n\t\t<\/div>\n\t\t\t\t<div class=\"elementor-column elementor-col-50 elementor-top-column elementor-element elementor-element-7596d1ee\" data-id=\"7596d1ee\" data-element_type=\"column\" data-e-type=\"column\">\n\t\t\t<div class=\"elementor-widget-wrap elementor-element-populated\">\n\t\t\t\t\t\t<div class=\"elementor-element elementor-element-0120744 elementor-widget elementor-widget-heading\" data-id=\"0120744\" data-element_type=\"widget\" data-e-type=\"widget\" data-widget_type=\"heading.default\">\n\t\t\t\t<div class=\"elementor-widget-container\">\n\t\t\t\t\t<h1 class=\"elementor-heading-title elementor-size-default\">Dr. Nathalie Krebs<\/h1>\t\t\t\t<\/div>\n\t\t\t\t<\/div>\n\t\t\t\t<div class=\"elementor-element elementor-element-2d72c5c1 elementor-widget elementor-widget-heading\" data-id=\"2d72c5c1\" data-element_type=\"widget\" data-e-type=\"widget\" data-widget_type=\"heading.default\">\n\t\t\t\t<div class=\"elementor-widget-container\">\n\t\t\t\t\t<h2 class=\"elementor-heading-title elementor-size-default\">Aufsichtsrat<\/h2>\t\t\t\t<\/div>\n\t\t\t\t<\/div>\n\t\t\t\t<div class=\"elementor-element elementor-element-77f38b2f elementor-widget elementor-widget-heading\" data-id=\"77f38b2f\" data-element_type=\"widget\" data-e-type=\"widget\" data-widget_type=\"heading.default\">\n\t\t\t\t<div class=\"elementor-widget-container\">\n\t\t\t\t\t<h5 class=\"elementor-heading-title elementor-size-default\"><p>Dr. med. Nathalie Krebs ist seit Juni 2022 Mitglied des Aufsichtsrates der Brockhaus Technologies AG.<\/p>\n\nNach ihrer Promotion im Fach Medizin an der Universit\u00e4t Basel, die sie 1999 erfolgreich absolvierte, war sie zun\u00e4chst bei The Boston Consulting Group im Bereich strategische Beratung t\u00e4tig. Anschlie\u00dfend bei der Altium Capital AG (heute Houlihan Lokey) in der Beratung f\u00fcr Unternehmensfinanzierung mit Fokus Gesundheitswesen, pharmazeutische und medizinaltechnische Industrie. Bei Bayer (Schweiz) AG sowie vormals Schering (Schweiz) AG verantwortete sie verschiedene Positionen als Senior Divisional Director, Business Unit Manager, Head of External Affairs. Frau Dr. Krebs hatte bereits verschiedene Mandate in Aufsichtsgremien in der Schweiz inne und ist seit 2019 Vorsitzende des Aufsichtsrats der aap Implantate AG (Berlin)<\/h5>\t\t\t\t<\/div>\n\t\t\t\t<\/div>\n\t\t\t\t<div class=\"elementor-element elementor-element-98c4ea8 elementor-widget elementor-widget-button\" data-id=\"98c4ea8\" data-element_type=\"widget\" data-e-type=\"widget\" data-widget_type=\"button.default\">\n\t\t\t\t<div class=\"elementor-widget-container\">\n\t\t\t\t\t\t\t\t\t<div class=\"elementor-button-wrapper\">\n\t\t\t\t\t<a class=\"elementor-button elementor-button-link elementor-size-sm\" href=\"https:\/\/www.brockhaus-technologies.com\/wp-content\/uploads\/2024\/06\/240531-CV-Dr.-Nathalie-Krebs.pdf\" target=\"_blank\">\n\t\t\t\t\t\t<span class=\"elementor-button-content-wrapper\">\n\t\t\t\t\t\t\t\t\t<span class=\"elementor-button-text\">Lebenslauf und Mitgliedschaften<\/span>\n\t\t\t\t\t<\/span>\n\t\t\t\t\t<\/a>\n\t\t\t\t<\/div>\n\t\t\t\t\t\t\t\t<\/div>\n\t\t\t\t<\/div>\n\t\t\t\t\t<\/div>\n\t\t<\/div>\n\t\t\t\t\t<\/div>\n\t\t<\/section>\n\t\t\t\t<section class=\"elementor-section elementor-top-section elementor-element elementor-element-6c74350d elementor-section-boxed elementor-section-height-default elementor-section-height-default\" data-id=\"6c74350d\" data-element_type=\"section\" data-e-type=\"section\" data-settings=\"{&quot;jet_parallax_layout_list&quot;:[{&quot;jet_parallax_layout_image&quot;:{&quot;url&quot;:&quot;&quot;,&quot;id&quot;:&quot;&quot;,&quot;size&quot;:&quot;&quot;},&quot;_id&quot;:&quot;1cc7acb&quot;,&quot;jet_parallax_layout_image_tablet&quot;:{&quot;url&quot;:&quot;&quot;,&quot;id&quot;:&quot;&quot;,&quot;size&quot;:&quot;&quot;},&quot;jet_parallax_layout_image_mobile&quot;:{&quot;url&quot;:&quot;&quot;,&quot;id&quot;:&quot;&quot;,&quot;size&quot;:&quot;&quot;},&quot;jet_parallax_layout_speed&quot;:{&quot;unit&quot;:&quot;%&quot;,&quot;size&quot;:50,&quot;sizes&quot;:[]},&quot;jet_parallax_layout_type&quot;:&quot;scroll&quot;,&quot;jet_parallax_layout_direction&quot;:&quot;1&quot;,&quot;jet_parallax_layout_fx_direction&quot;:null,&quot;jet_parallax_layout_z_index&quot;:&quot;&quot;,&quot;jet_parallax_layout_bg_x&quot;:50,&quot;jet_parallax_layout_bg_x_tablet&quot;:&quot;&quot;,&quot;jet_parallax_layout_bg_x_mobile&quot;:&quot;&quot;,&quot;jet_parallax_layout_bg_y&quot;:50,&quot;jet_parallax_layout_bg_y_tablet&quot;:&quot;&quot;,&quot;jet_parallax_layout_bg_y_mobile&quot;:&quot;&quot;,&quot;jet_parallax_layout_bg_size&quot;:&quot;auto&quot;,&quot;jet_parallax_layout_bg_size_tablet&quot;:&quot;&quot;,&quot;jet_parallax_layout_bg_size_mobile&quot;:&quot;&quot;,&quot;jet_parallax_layout_animation_prop&quot;:&quot;transform&quot;,&quot;jet_parallax_layout_on&quot;:[&quot;desktop&quot;,&quot;tablet&quot;]}]}\" data-aos=\"fade-up\" data-aos-offset=\"200\" data-aos-delay=\"50\" data-aos-duration=\"500\">\n\t\t\t\t\t\t<div class=\"elementor-container elementor-column-gap-default\">\n\t\t\t\t\t<div class=\"elementor-column elementor-col-100 elementor-top-column elementor-element elementor-element-2410282f\" data-id=\"2410282f\" data-element_type=\"column\" data-e-type=\"column\">\n\t\t\t<div class=\"elementor-widget-wrap elementor-element-populated\">\n\t\t\t\t\t\t<div class=\"elementor-element elementor-element-5d4cc9dd elementor-widget-divider--view-line elementor-widget elementor-widget-divider\" data-id=\"5d4cc9dd\" data-element_type=\"widget\" data-e-type=\"widget\" data-widget_type=\"divider.default\">\n\t\t\t\t<div class=\"elementor-widget-container\">\n\t\t\t\t\t\t\t<div class=\"elementor-divider\">\n\t\t\t<span class=\"elementor-divider-separator\">\n\t\t\t\t\t\t<\/span>\n\t\t<\/div>\n\t\t\t\t\t\t<\/div>\n\t\t\t\t<\/div>\n\t\t\t\t<div class=\"elementor-element elementor-element-4a90c14 elementor-align-center elementor-widget elementor-widget-button\" data-id=\"4a90c14\" data-element_type=\"widget\" data-e-type=\"widget\" data-widget_type=\"button.default\">\n\t\t\t\t<div class=\"elementor-widget-container\">\n\t\t\t\t\t\t\t\t\t<div class=\"elementor-button-wrapper\">\n\t\t\t\t\t<a class=\"elementor-button elementor-button-link elementor-size-sm\" href=\"\/de\/ueber-uns\/aufsichtsrat\/\">\n\t\t\t\t\t\t<span class=\"elementor-button-content-wrapper\">\n\t\t\t\t\t\t\t\t\t<span class=\"elementor-button-text\">Zur\u00fcck zur \u00dcbersicht<\/span>\n\t\t\t\t\t<\/span>\n\t\t\t\t\t<\/a>\n\t\t\t\t<\/div>\n\t\t\t\t\t\t\t\t<\/div>\n\t\t\t\t<\/div>\n\t\t\t\t\t<\/div>\n\t\t<\/div>\n\t\t\t\t\t<\/div>\n\t\t<\/section>\n\t\t\t\t<\/div>\n\t\t","protected":false},"excerpt":{"rendered":"<p>Dr. Nathalie Krebs Aufsichtsrat Dr. med. Nathalie Krebs ist seit Juni 2022 Mitglied des Aufsichtsrates der Brockhaus Technologies AG. Nach ihrer Promotion im Fach Medizin an der Universit\u00e4t Basel, die sie 1999 erfolgreich absolvierte, war sie zun\u00e4chst bei The Boston Consulting Group im Bereich strategische Beratung t\u00e4tig. Anschlie\u00dfend bei der Altium Capital AG (heute Houlihan [&hellip;]<\/p>\n","protected":false},"author":2,"featured_media":0,"parent":0,"menu_order":0,"comment_status":"closed","ping_status":"closed","template":"full-width.php","meta":{"_acf_changed":false,"_mo_disable_npp":"","footnotes":""},"class_list":["post-12551","page","type-page","status-publish","hentry"],"acf":[],"yoast_head":"<!-- This site is optimized with the Yoast SEO plugin v27.3 - https:\/\/yoast.com\/product\/yoast-seo-wordpress\/ -->\n<title>Dr. med. Natalie Krebs im Aufsichtsrat der Brockhaus Technologies<\/title>\n<meta name=\"description\" content=\"Dr. med. Natalie Krebs ist seit Juni 2022 im Aufsichtsrat der Brockhaus Technologies AG und seit 2019 Vorsitzende bei aap Implantate AG.\" \/>\n<meta name=\"robots\" content=\"index, follow, max-snippet:-1, max-image-preview:large, max-video-preview:-1\" \/>\n<link rel=\"canonical\" href=\"https:\/\/www.brockhaus-technologies.com\/de\/dr-nathalie-krebs\/\" \/>\n<meta property=\"og:locale\" content=\"de_DE\" \/>\n<meta property=\"og:type\" content=\"article\" \/>\n<meta property=\"og:title\" content=\"Dr. med. Natalie Krebs im Aufsichtsrat der Brockhaus Technologies\" \/>\n<meta property=\"og:description\" content=\"Dr. med. Natalie Krebs ist seit Juni 2022 im Aufsichtsrat der Brockhaus Technologies AG und seit 2019 Vorsitzende bei aap Implantate AG.\" \/>\n<meta property=\"og:url\" content=\"https:\/\/www.brockhaus-technologies.com\/de\/dr-nathalie-krebs\/\" \/>\n<meta property=\"og:site_name\" content=\"Brockhaus Technologies\" \/>\n<meta property=\"article:modified_time\" content=\"2025-11-19T12:59:08+00:00\" \/>\n<meta property=\"og:image\" content=\"https:\/\/www.brockhaus-technologies.com\/wp-content\/uploads\/2023\/03\/MG_8285_Final-3.jpg\" \/>\n\t<meta property=\"og:image:width\" content=\"1000\" \/>\n\t<meta property=\"og:image:height\" content=\"1400\" \/>\n\t<meta property=\"og:image:type\" content=\"image\/jpeg\" \/>\n<meta name=\"twitter:card\" content=\"summary_large_image\" \/>\n<meta name=\"twitter:label1\" content=\"Gesch\u00e4tzte Lesezeit\" \/>\n\t<meta name=\"twitter:data1\" content=\"1\u00a0Minute\" \/>\n<script type=\"application\/ld+json\" class=\"yoast-schema-graph\">{\"@context\":\"https:\\\/\\\/schema.org\",\"@graph\":[{\"@type\":\"WebPage\",\"@id\":\"https:\\\/\\\/www.brockhaus-technologies.com\\\/de\\\/dr-nathalie-krebs\\\/\",\"url\":\"https:\\\/\\\/www.brockhaus-technologies.com\\\/de\\\/dr-nathalie-krebs\\\/\",\"name\":\"Dr. med. Natalie Krebs im Aufsichtsrat der Brockhaus Technologies\",\"isPartOf\":{\"@id\":\"https:\\\/\\\/www.brockhaus-technologies.com\\\/de\\\/#website\"},\"primaryImageOfPage\":{\"@id\":\"https:\\\/\\\/www.brockhaus-technologies.com\\\/de\\\/dr-nathalie-krebs\\\/#primaryimage\"},\"image\":{\"@id\":\"https:\\\/\\\/www.brockhaus-technologies.com\\\/de\\\/dr-nathalie-krebs\\\/#primaryimage\"},\"thumbnailUrl\":\"https:\\\/\\\/www.brockhaus-technologies.com\\\/wp-content\\\/uploads\\\/2023\\\/03\\\/MG_8285_Final-3-768x1075.jpg\",\"datePublished\":\"2022-07-21T14:41:55+00:00\",\"dateModified\":\"2025-11-19T12:59:08+00:00\",\"description\":\"Dr. med. Natalie Krebs ist seit Juni 2022 im Aufsichtsrat der Brockhaus Technologies AG und seit 2019 Vorsitzende bei aap Implantate AG.\",\"breadcrumb\":{\"@id\":\"https:\\\/\\\/www.brockhaus-technologies.com\\\/de\\\/dr-nathalie-krebs\\\/#breadcrumb\"},\"inLanguage\":\"de\",\"potentialAction\":[{\"@type\":\"ReadAction\",\"target\":[\"https:\\\/\\\/www.brockhaus-technologies.com\\\/de\\\/dr-nathalie-krebs\\\/\"]}]},{\"@type\":\"ImageObject\",\"inLanguage\":\"de\",\"@id\":\"https:\\\/\\\/www.brockhaus-technologies.com\\\/de\\\/dr-nathalie-krebs\\\/#primaryimage\",\"url\":\"https:\\\/\\\/www.brockhaus-technologies.com\\\/wp-content\\\/uploads\\\/2023\\\/03\\\/MG_8285_Final-3-768x1075.jpg\",\"contentUrl\":\"https:\\\/\\\/www.brockhaus-technologies.com\\\/wp-content\\\/uploads\\\/2023\\\/03\\\/MG_8285_Final-3-768x1075.jpg\"},{\"@type\":\"BreadcrumbList\",\"@id\":\"https:\\\/\\\/www.brockhaus-technologies.com\\\/de\\\/dr-nathalie-krebs\\\/#breadcrumb\",\"itemListElement\":[{\"@type\":\"ListItem\",\"position\":1,\"name\":\"Startseite\",\"item\":\"https:\\\/\\\/www.brockhaus-technologies.com\\\/de\\\/\"},{\"@type\":\"ListItem\",\"position\":2,\"name\":\"Dr. Nathalie Krebs\"}]},{\"@type\":\"WebSite\",\"@id\":\"https:\\\/\\\/www.brockhaus-technologies.com\\\/de\\\/#website\",\"url\":\"https:\\\/\\\/www.brockhaus-technologies.com\\\/de\\\/\",\"name\":\"Brockhaus Technologies\",\"description\":\"Wir akquirieren Innovations- und Technologief\u00fchrer aus dem deutschen Mittelstand\",\"potentialAction\":[{\"@type\":\"SearchAction\",\"target\":{\"@type\":\"EntryPoint\",\"urlTemplate\":\"https:\\\/\\\/www.brockhaus-technologies.com\\\/de\\\/?s={search_term_string}\"},\"query-input\":{\"@type\":\"PropertyValueSpecification\",\"valueRequired\":true,\"valueName\":\"search_term_string\"}}],\"inLanguage\":\"de\"}]}<\/script>\n<!-- \/ Yoast SEO plugin. -->","yoast_head_json":{"title":"Dr. med. Natalie Krebs im Aufsichtsrat der Brockhaus Technologies","description":"Dr. med. Natalie Krebs ist seit Juni 2022 im Aufsichtsrat der Brockhaus Technologies AG und seit 2019 Vorsitzende bei aap Implantate AG.","robots":{"index":"index","follow":"follow","max-snippet":"max-snippet:-1","max-image-preview":"max-image-preview:large","max-video-preview":"max-video-preview:-1"},"canonical":"https:\/\/www.brockhaus-technologies.com\/de\/dr-nathalie-krebs\/","og_locale":"de_DE","og_type":"article","og_title":"Dr. med. Natalie Krebs im Aufsichtsrat der Brockhaus Technologies","og_description":"Dr. med. Natalie Krebs ist seit Juni 2022 im Aufsichtsrat der Brockhaus Technologies AG und seit 2019 Vorsitzende bei aap Implantate AG.","og_url":"https:\/\/www.brockhaus-technologies.com\/de\/dr-nathalie-krebs\/","og_site_name":"Brockhaus Technologies","article_modified_time":"2025-11-19T12:59:08+00:00","og_image":[{"width":1000,"height":1400,"url":"https:\/\/www.brockhaus-technologies.com\/wp-content\/uploads\/2023\/03\/MG_8285_Final-3.jpg","type":"image\/jpeg"}],"twitter_card":"summary_large_image","twitter_misc":{"Gesch\u00e4tzte Lesezeit":"1\u00a0Minute"},"schema":{"@context":"https:\/\/schema.org","@graph":[{"@type":"WebPage","@id":"https:\/\/www.brockhaus-technologies.com\/de\/dr-nathalie-krebs\/","url":"https:\/\/www.brockhaus-technologies.com\/de\/dr-nathalie-krebs\/","name":"Dr. med. Natalie Krebs im Aufsichtsrat der Brockhaus Technologies","isPartOf":{"@id":"https:\/\/www.brockhaus-technologies.com\/de\/#website"},"primaryImageOfPage":{"@id":"https:\/\/www.brockhaus-technologies.com\/de\/dr-nathalie-krebs\/#primaryimage"},"image":{"@id":"https:\/\/www.brockhaus-technologies.com\/de\/dr-nathalie-krebs\/#primaryimage"},"thumbnailUrl":"https:\/\/www.brockhaus-technologies.com\/wp-content\/uploads\/2023\/03\/MG_8285_Final-3-768x1075.jpg","datePublished":"2022-07-21T14:41:55+00:00","dateModified":"2025-11-19T12:59:08+00:00","description":"Dr. med. Natalie Krebs ist seit Juni 2022 im Aufsichtsrat der Brockhaus Technologies AG und seit 2019 Vorsitzende bei aap Implantate AG.","breadcrumb":{"@id":"https:\/\/www.brockhaus-technologies.com\/de\/dr-nathalie-krebs\/#breadcrumb"},"inLanguage":"de","potentialAction":[{"@type":"ReadAction","target":["https:\/\/www.brockhaus-technologies.com\/de\/dr-nathalie-krebs\/"]}]},{"@type":"ImageObject","inLanguage":"de","@id":"https:\/\/www.brockhaus-technologies.com\/de\/dr-nathalie-krebs\/#primaryimage","url":"https:\/\/www.brockhaus-technologies.com\/wp-content\/uploads\/2023\/03\/MG_8285_Final-3-768x1075.jpg","contentUrl":"https:\/\/www.brockhaus-technologies.com\/wp-content\/uploads\/2023\/03\/MG_8285_Final-3-768x1075.jpg"},{"@type":"BreadcrumbList","@id":"https:\/\/www.brockhaus-technologies.com\/de\/dr-nathalie-krebs\/#breadcrumb","itemListElement":[{"@type":"ListItem","position":1,"name":"Startseite","item":"https:\/\/www.brockhaus-technologies.com\/de\/"},{"@type":"ListItem","position":2,"name":"Dr. Nathalie Krebs"}]},{"@type":"WebSite","@id":"https:\/\/www.brockhaus-technologies.com\/de\/#website","url":"https:\/\/www.brockhaus-technologies.com\/de\/","name":"Brockhaus Technologies","description":"Wir akquirieren Innovations- und Technologief\u00fchrer aus dem deutschen Mittelstand","potentialAction":[{"@type":"SearchAction","target":{"@type":"EntryPoint","urlTemplate":"https:\/\/www.brockhaus-technologies.com\/de\/?s={search_term_string}"},"query-input":{"@type":"PropertyValueSpecification","valueRequired":true,"valueName":"search_term_string"}}],"inLanguage":"de"}]}},"_links":{"self":[{"href":"https:\/\/www.brockhaus-technologies.com\/de\/wp-json\/wp\/v2\/pages\/12551","targetHints":{"allow":["GET"]}}],"collection":[{"href":"https:\/\/www.brockhaus-technologies.com\/de\/wp-json\/wp\/v2\/pages"}],"about":[{"href":"https:\/\/www.brockhaus-technologies.com\/de\/wp-json\/wp\/v2\/types\/page"}],"author":[{"embeddable":true,"href":"https:\/\/www.brockhaus-technologies.com\/de\/wp-json\/wp\/v2\/users\/2"}],"replies":[{"embeddable":true,"href":"https:\/\/www.brockhaus-technologies.com\/de\/wp-json\/wp\/v2\/comments?post=12551"}],"version-history":[{"count":5,"href":"https:\/\/www.brockhaus-technologies.com\/de\/wp-json\/wp\/v2\/pages\/12551\/revisions"}],"predecessor-version":[{"id":18914,"href":"https:\/\/www.brockhaus-technologies.com\/de\/wp-json\/wp\/v2\/pages\/12551\/revisions\/18914"}],"wp:attachment":[{"href":"https:\/\/www.brockhaus-technologies.com\/de\/wp-json\/wp\/v2\/media?parent=12551"}],"curies":[{"name":"wp","href":"https:\/\/api.w.org\/{rel}","templated":true}]}}